{"id":576,"date":"2023-06-09T07:59:35","date_gmt":"2023-06-09T07:59:35","guid":{"rendered":"https:\/\/dev-bauholz.justdo-it.at\/?page_id=576"},"modified":"2023-06-14T06:54:30","modified_gmt":"2023-06-14T06:54:30","slug":"holzmanufaktur","status":"publish","type":"page","link":"https:\/\/bauholz.at\/?page_id=576","title":{"rendered":"Holzmanufaktur"},"content":{"rendered":"\t\t<div data-elementor-type=\"wp-page\" data-elementor-id=\"576\" class=\"elementor elementor-576\" data-elementor-post-type=\"page\">\n\t\t\t\t\t\t<section data-particle_enable=\"false\" data-particle-mobile-disabled=\"false\" class=\"elementor-section elementor-top-section elementor-element elementor-element-3b6eeca elementor-section-boxed elementor-section-height-default elementor-section-height-default\" data-id=\"3b6eeca\" data-element_type=\"section\" data-e-type=\"section\">\n\t\t\t\t\t\t<div class=\"elementor-container elementor-column-gap-default\">\n\t\t\t\t\t<div class=\"elementor-column elementor-col-100 elementor-top-column elementor-element elementor-element-0afe861\" data-id=\"0afe861\" data-element_type=\"column\" data-e-type=\"column\">\n\t\t\t<div class=\"elementor-widget-wrap elementor-element-populated\">\n\t\t\t\t\t\t<div class=\"elementor-element elementor-element-db324fd elementor-widget elementor-widget-heading\" data-id=\"db324fd\" data-element_type=\"widget\" data-e-type=\"widget\" data-widget_type=\"heading.default\">\n\t\t\t\t<div class=\"elementor-widget-container\">\n\t\t\t\t\t<h2 class=\"elementor-heading-title elementor-size-default\">Holzmanufaktur<\/h2>\t\t\t\t<\/div>\n\t\t\t\t<\/div>\n\t\t\t\t<div class=\"elementor-element elementor-element-84de90a elementor-widget elementor-widget-text-editor\" data-id=\"84de90a\" data-element_type=\"widget\" data-e-type=\"widget\" data-widget_type=\"text-editor.default\">\n\t\t\t\t<div class=\"elementor-widget-container\">\n\t\t\t\t\t\t\t\t\t<p>Geschenkartikel aus heimischem Holz.<br \/>Individuell nach Kundenwunsch gefertigt.<\/p>\t\t\t\t\t\t\t\t<\/div>\n\t\t\t\t<\/div>\n\t\t\t\t\t<\/div>\n\t\t<\/div>\n\t\t\t\t\t<\/div>\n\t\t<\/section>\n\t\t\t\t<section data-particle_enable=\"false\" data-particle-mobile-disabled=\"false\" class=\"elementor-section elementor-top-section elementor-element elementor-element-2b3da40 elementor-section-boxed elementor-section-height-default elementor-section-height-default\" data-id=\"2b3da40\" data-element_type=\"section\" data-e-type=\"section\">\n\t\t\t\t\t\t<div class=\"elementor-container elementor-column-gap-default\">\n\t\t\t\t\t<div class=\"elementor-column elementor-col-50 elementor-top-column elementor-element elementor-element-d7a1938\" data-id=\"d7a1938\" data-element_type=\"column\" data-e-type=\"column\">\n\t\t\t<div class=\"elementor-widget-wrap elementor-element-populated\">\n\t\t\t\t\t\t<div class=\"elementor-element elementor-element-1561e3d elementor-widget elementor-widget-image\" data-id=\"1561e3d\" data-element_type=\"widget\" data-e-type=\"widget\" data-widget_type=\"image.default\">\n\t\t\t\t<div class=\"elementor-widget-container\">\n\t\t\t\t\t\t\t\t\t\t\t\t\t\t\t<img fetchpriority=\"high\" decoding=\"async\" width=\"2560\" height=\"1920\" src=\"https:\/\/bauholz.at\/wp-content\/uploads\/2023\/06\/IMG_5439-scaled.jpeg\" class=\"attachment-full size-full wp-image-249\" alt=\"\" srcset=\"https:\/\/bauholz.at\/wp-content\/uploads\/2023\/06\/IMG_5439-scaled.jpeg 2560w, https:\/\/bauholz.at\/wp-content\/uploads\/2023\/06\/IMG_5439-300x225.jpeg 300w, https:\/\/bauholz.at\/wp-content\/uploads\/2023\/06\/IMG_5439-1024x768.jpeg 1024w, https:\/\/bauholz.at\/wp-content\/uploads\/2023\/06\/IMG_5439-768x576.jpeg 768w, https:\/\/bauholz.at\/wp-content\/uploads\/2023\/06\/IMG_5439-1536x1152.jpeg 1536w, https:\/\/bauholz.at\/wp-content\/uploads\/2023\/06\/IMG_5439-2048x1536.jpeg 2048w\" sizes=\"(max-width: 2560px) 100vw, 2560px\" \/>\t\t\t\t\t\t\t\t\t\t\t\t\t\t\t<\/div>\n\t\t\t\t<\/div>\n\t\t\t\t\t<\/div>\n\t\t<\/div>\n\t\t\t\t<div class=\"elementor-column elementor-col-50 elementor-top-column elementor-element elementor-element-dda7303\" data-id=\"dda7303\" data-element_type=\"column\" data-e-type=\"column\">\n\t\t\t<div class=\"elementor-widget-wrap elementor-element-populated\">\n\t\t\t\t\t\t<div class=\"elementor-element elementor-element-4346d47 elementor-widget elementor-widget-text-editor\" data-id=\"4346d47\" data-element_type=\"widget\" data-e-type=\"widget\" data-widget_type=\"text-editor.default\">\n\t\t\t\t<div class=\"elementor-widget-container\">\n\t\t\t\t\t\t\t\t\t<ul><li class=\"font_7\">Individuell nach Kundenwunsch gefertigt<\/li><li class=\"font_7\">Lasergravur ab Losgr\u00f6\u00dfe 1<\/li><li class=\"font_7\">Schl\u00fcsselanh\u00e4nger aus Holz<\/li><li class=\"font_7\">Schneidbretter<\/li><li class=\"font_7\">Ostergeschenke<\/li><li class=\"font_7\">Weihnachtsgeschenke<\/li><li class=\"font_7\">Muttertagsherz<\/li><\/ul>\t\t\t\t\t\t\t\t<\/div>\n\t\t\t\t<\/div>\n\t\t\t\t\t<\/div>\n\t\t<\/div>\n\t\t\t\t\t<\/div>\n\t\t<\/section>\n\t\t\t\t<section data-particle_enable=\"false\" data-particle-mobile-disabled=\"false\" class=\"elementor-section elementor-top-section elementor-element elementor-element-f6ccce9 elementor-section-boxed elementor-section-height-default elementor-section-height-default\" data-id=\"f6ccce9\" data-element_type=\"section\" data-e-type=\"section\">\n\t\t\t\t\t\t<div class=\"elementor-container elementor-column-gap-default\">\n\t\t\t\t\t<div class=\"elementor-column elementor-col-50 elementor-top-column elementor-element elementor-element-227762a\" data-id=\"227762a\" data-element_type=\"column\" data-e-type=\"column\">\n\t\t\t<div class=\"elementor-widget-wrap elementor-element-populated\">\n\t\t\t\t\t\t<div class=\"elementor-element elementor-element-57d7671 elementor-widget elementor-widget-text-editor\" data-id=\"57d7671\" data-element_type=\"widget\" data-e-type=\"widget\" data-widget_type=\"text-editor.default\">\n\t\t\t\t<div class=\"elementor-widget-container\">\n\t\t\t\t\t\t\t\t\t<p>Liebevoll erzeugt in der hauseigenen Holzwerkstatt &#8211; Holzmanufaktur<\/p>\t\t\t\t\t\t\t\t<\/div>\n\t\t\t\t<\/div>\n\t\t\t\t\t<\/div>\n\t\t<\/div>\n\t\t\t\t<div class=\"elementor-column elementor-col-50 elementor-top-column elementor-element elementor-element-7929ef9\" data-id=\"7929ef9\" data-element_type=\"column\" data-e-type=\"column\">\n\t\t\t<div class=\"elementor-widget-wrap elementor-element-populated\">\n\t\t\t\t\t\t<div class=\"elementor-element elementor-element-972c6e8 elementor-widget elementor-widget-image\" data-id=\"972c6e8\" data-element_type=\"widget\" data-e-type=\"widget\" data-widget_type=\"image.default\">\n\t\t\t\t<div class=\"elementor-widget-container\">\n\t\t\t\t\t\t\t\t\t\t\t\t\t\t\t<img decoding=\"async\" width=\"2560\" height=\"1920\" src=\"https:\/\/bauholz.at\/wp-content\/uploads\/2023\/06\/IMG_5878-scaled.jpeg\" class=\"attachment-full size-full wp-image-255\" alt=\"\" srcset=\"https:\/\/bauholz.at\/wp-content\/uploads\/2023\/06\/IMG_5878-scaled.jpeg 2560w, https:\/\/bauholz.at\/wp-content\/uploads\/2023\/06\/IMG_5878-300x225.jpeg 300w, https:\/\/bauholz.at\/wp-content\/uploads\/2023\/06\/IMG_5878-1024x768.jpeg 1024w, https:\/\/bauholz.at\/wp-content\/uploads\/2023\/06\/IMG_5878-768x576.jpeg 768w, https:\/\/bauholz.at\/wp-content\/uploads\/2023\/06\/IMG_5878-1536x1152.jpeg 1536w, https:\/\/bauholz.at\/wp-content\/uploads\/2023\/06\/IMG_5878-2048x1536.jpeg 2048w\" sizes=\"(max-width: 2560px) 100vw, 2560px\" \/>\t\t\t\t\t\t\t\t\t\t\t\t\t\t\t<\/div>\n\t\t\t\t<\/div>\n\t\t\t\t\t<\/div>\n\t\t<\/div>\n\t\t\t\t\t<\/div>\n\t\t<\/section>\n\t\t\t\t<\/div>\n\t\t","protected":false},"excerpt":{"rendered":"<p>Holzmanufaktur Geschenkartikel aus heimischem Holz.Individuell nach Kundenwunsch gefertigt. Individuell nach Kundenwunsch gefertigt Lasergravur ab Losgr\u00f6\u00dfe 1 Schl\u00fcsselanh\u00e4nger aus Holz Schneidbretter Ostergeschenke Weihnachtsgeschenke Muttertagsherz Liebevoll erzeugt in der hauseigenen Holzwerkstatt &#8211; Holzmanufaktur<\/p>\n","protected":false},"author":2,"featured_media":0,"parent":0,"menu_order":0,"comment_status":"closed","ping_status":"closed","template":"elementor_header_footer","meta":{"footnotes":""},"class_list":["post-576","page","type-page","status-publish","hentry"],"yoast_head":"<!-- This site is optimized with the Yoast SEO plugin v27.4 - https:\/\/yoast.com\/product\/yoast-seo-wordpress\/ -->\n<title>Holzmanufaktur - Bauholz<\/title>\n<meta name=\"robots\" content=\"index, follow, max-snippet:-1, max-image-preview:large, max-video-preview:-1\" \/>\n<link rel=\"canonical\" href=\"https:\/\/bauholz.at\/?page_id=576\" \/>\n<meta property=\"og:locale\" content=\"de_DE\" \/>\n<meta property=\"og:type\" content=\"article\" \/>\n<meta property=\"og:title\" content=\"Holzmanufaktur - Bauholz\" \/>\n<meta property=\"og:description\" content=\"Holzmanufaktur Geschenkartikel aus heimischem Holz.Individuell nach Kundenwunsch gefertigt. Individuell nach Kundenwunsch gefertigt Lasergravur ab Losgr\u00f6\u00dfe 1 Schl\u00fcsselanh\u00e4nger aus Holz Schneidbretter Ostergeschenke Weihnachtsgeschenke Muttertagsherz Liebevoll erzeugt in der hauseigenen Holzwerkstatt &#8211; Holzmanufaktur\" \/>\n<meta property=\"og:url\" content=\"https:\/\/bauholz.at\/?page_id=576\" \/>\n<meta property=\"og:site_name\" content=\"Bauholz\" \/>\n<meta property=\"article:modified_time\" content=\"2023-06-14T06:54:30+00:00\" \/>\n<meta property=\"og:image\" content=\"https:\/\/dev-bauholz.justdo-it.at\/wp-content\/uploads\/2023\/06\/IMG_5439-scaled.jpeg\" \/>\n<meta name=\"twitter:card\" content=\"summary_large_image\" \/>\n<meta name=\"twitter:label1\" content=\"Gesch\u00e4tzte Lesezeit\" \/>\n\t<meta name=\"twitter:data1\" content=\"1\u00a0Minute\" \/>\n<script type=\"application\/ld+json\" class=\"yoast-schema-graph\">{\"@context\":\"https:\\\/\\\/schema.org\",\"@graph\":[{\"@type\":\"WebPage\",\"@id\":\"https:\\\/\\\/bauholz.at\\\/?page_id=576\",\"url\":\"https:\\\/\\\/bauholz.at\\\/?page_id=576\",\"name\":\"Holzmanufaktur - Bauholz\",\"isPartOf\":{\"@id\":\"https:\\\/\\\/bauholz.at\\\/#website\"},\"primaryImageOfPage\":{\"@id\":\"https:\\\/\\\/bauholz.at\\\/?page_id=576#primaryimage\"},\"image\":{\"@id\":\"https:\\\/\\\/bauholz.at\\\/?page_id=576#primaryimage\"},\"thumbnailUrl\":\"https:\\\/\\\/dev-bauholz.justdo-it.at\\\/wp-content\\\/uploads\\\/2023\\\/06\\\/IMG_5439-scaled.jpeg\",\"datePublished\":\"2023-06-09T07:59:35+00:00\",\"dateModified\":\"2023-06-14T06:54:30+00:00\",\"breadcrumb\":{\"@id\":\"https:\\\/\\\/bauholz.at\\\/?page_id=576#breadcrumb\"},\"inLanguage\":\"de\",\"potentialAction\":[{\"@type\":\"ReadAction\",\"target\":[\"https:\\\/\\\/bauholz.at\\\/?page_id=576\"]}]},{\"@type\":\"ImageObject\",\"inLanguage\":\"de\",\"@id\":\"https:\\\/\\\/bauholz.at\\\/?page_id=576#primaryimage\",\"url\":\"https:\\\/\\\/dev-bauholz.justdo-it.at\\\/wp-content\\\/uploads\\\/2023\\\/06\\\/IMG_5439-scaled.jpeg\",\"contentUrl\":\"https:\\\/\\\/dev-bauholz.justdo-it.at\\\/wp-content\\\/uploads\\\/2023\\\/06\\\/IMG_5439-scaled.jpeg\"},{\"@type\":\"BreadcrumbList\",\"@id\":\"https:\\\/\\\/bauholz.at\\\/?page_id=576#breadcrumb\",\"itemListElement\":[{\"@type\":\"ListItem\",\"position\":1,\"name\":\"Startseite\",\"item\":\"https:\\\/\\\/bauholz.at\\\/\"},{\"@type\":\"ListItem\",\"position\":2,\"name\":\"Holzmanufaktur\"}]},{\"@type\":\"WebSite\",\"@id\":\"https:\\\/\\\/bauholz.at\\\/#website\",\"url\":\"https:\\\/\\\/bauholz.at\\\/\",\"name\":\"Bauholz\",\"description\":\"\",\"potentialAction\":[{\"@type\":\"SearchAction\",\"target\":{\"@type\":\"EntryPoint\",\"urlTemplate\":\"https:\\\/\\\/bauholz.at\\\/?s={search_term_string}\"},\"query-input\":{\"@type\":\"PropertyValueSpecification\",\"valueRequired\":true,\"valueName\":\"search_term_string\"}}],\"inLanguage\":\"de\"}]}<\/script>\n<!-- \/ Yoast SEO plugin. -->","yoast_head_json":{"title":"Holzmanufaktur - Bauholz","robots":{"index":"index","follow":"follow","max-snippet":"max-snippet:-1","max-image-preview":"max-image-preview:large","max-video-preview":"max-video-preview:-1"},"canonical":"https:\/\/bauholz.at\/?page_id=576","og_locale":"de_DE","og_type":"article","og_title":"Holzmanufaktur - Bauholz","og_description":"Holzmanufaktur Geschenkartikel aus heimischem Holz.Individuell nach Kundenwunsch gefertigt. Individuell nach Kundenwunsch gefertigt Lasergravur ab Losgr\u00f6\u00dfe 1 Schl\u00fcsselanh\u00e4nger aus Holz Schneidbretter Ostergeschenke Weihnachtsgeschenke Muttertagsherz Liebevoll erzeugt in der hauseigenen Holzwerkstatt &#8211; Holzmanufaktur","og_url":"https:\/\/bauholz.at\/?page_id=576","og_site_name":"Bauholz","article_modified_time":"2023-06-14T06:54:30+00:00","og_image":[{"url":"https:\/\/dev-bauholz.justdo-it.at\/wp-content\/uploads\/2023\/06\/IMG_5439-scaled.jpeg","type":"","width":"","height":""}],"twitter_card":"summary_large_image","twitter_misc":{"Gesch\u00e4tzte Lesezeit":"1\u00a0Minute"},"schema":{"@context":"https:\/\/schema.org","@graph":[{"@type":"WebPage","@id":"https:\/\/bauholz.at\/?page_id=576","url":"https:\/\/bauholz.at\/?page_id=576","name":"Holzmanufaktur - Bauholz","isPartOf":{"@id":"https:\/\/bauholz.at\/#website"},"primaryImageOfPage":{"@id":"https:\/\/bauholz.at\/?page_id=576#primaryimage"},"image":{"@id":"https:\/\/bauholz.at\/?page_id=576#primaryimage"},"thumbnailUrl":"https:\/\/dev-bauholz.justdo-it.at\/wp-content\/uploads\/2023\/06\/IMG_5439-scaled.jpeg","datePublished":"2023-06-09T07:59:35+00:00","dateModified":"2023-06-14T06:54:30+00:00","breadcrumb":{"@id":"https:\/\/bauholz.at\/?page_id=576#breadcrumb"},"inLanguage":"de","potentialAction":[{"@type":"ReadAction","target":["https:\/\/bauholz.at\/?page_id=576"]}]},{"@type":"ImageObject","inLanguage":"de","@id":"https:\/\/bauholz.at\/?page_id=576#primaryimage","url":"https:\/\/dev-bauholz.justdo-it.at\/wp-content\/uploads\/2023\/06\/IMG_5439-scaled.jpeg","contentUrl":"https:\/\/dev-bauholz.justdo-it.at\/wp-content\/uploads\/2023\/06\/IMG_5439-scaled.jpeg"},{"@type":"BreadcrumbList","@id":"https:\/\/bauholz.at\/?page_id=576#breadcrumb","itemListElement":[{"@type":"ListItem","position":1,"name":"Startseite","item":"https:\/\/bauholz.at\/"},{"@type":"ListItem","position":2,"name":"Holzmanufaktur"}]},{"@type":"WebSite","@id":"https:\/\/bauholz.at\/#website","url":"https:\/\/bauholz.at\/","name":"Bauholz","description":"","potentialAction":[{"@type":"SearchAction","target":{"@type":"EntryPoint","urlTemplate":"https:\/\/bauholz.at\/?s={search_term_string}"},"query-input":{"@type":"PropertyValueSpecification","valueRequired":true,"valueName":"search_term_string"}}],"inLanguage":"de"}]}},"_links":{"self":[{"href":"https:\/\/bauholz.at\/index.php?rest_route=\/wp\/v2\/pages\/576","targetHints":{"allow":["GET"]}}],"collection":[{"href":"https:\/\/bauholz.at\/index.php?rest_route=\/wp\/v2\/pages"}],"about":[{"href":"https:\/\/bauholz.at\/index.php?rest_route=\/wp\/v2\/types\/page"}],"author":[{"embeddable":true,"href":"https:\/\/bauholz.at\/index.php?rest_route=\/wp\/v2\/users\/2"}],"replies":[{"embeddable":true,"href":"https:\/\/bauholz.at\/index.php?rest_route=%2Fwp%2Fv2%2Fcomments&post=576"}],"version-history":[{"count":19,"href":"https:\/\/bauholz.at\/index.php?rest_route=\/wp\/v2\/pages\/576\/revisions"}],"predecessor-version":[{"id":720,"href":"https:\/\/bauholz.at\/index.php?rest_route=\/wp\/v2\/pages\/576\/revisions\/720"}],"wp:attachment":[{"href":"https:\/\/bauholz.at\/index.php?rest_route=%2Fwp%2Fv2%2Fmedia&parent=576"}],"curies":[{"name":"wp","href":"https:\/\/api.w.org\/{rel}","templated":true}]}}