{"id":512,"date":"2023-06-09T07:36:50","date_gmt":"2023-06-09T07:36:50","guid":{"rendered":"https:\/\/dev-bauholz.justdo-it.at\/?page_id=512"},"modified":"2023-06-22T08:47:18","modified_gmt":"2023-06-22T08:47:18","slug":"hobelware","status":"publish","type":"page","link":"https:\/\/bauholz.at\/?page_id=512","title":{"rendered":"Hobelware"},"content":{"rendered":"\t\t<div data-elementor-type=\"wp-page\" data-elementor-id=\"512\" class=\"elementor elementor-512\" data-elementor-post-type=\"page\">\n\t\t\t\t\t\t<section data-particle_enable=\"false\" data-particle-mobile-disabled=\"false\" class=\"elementor-section elementor-top-section elementor-element elementor-element-3c053b5 elementor-section-boxed elementor-section-height-default elementor-section-height-default\" data-id=\"3c053b5\" data-element_type=\"section\" data-e-type=\"section\">\n\t\t\t\t\t\t<div class=\"elementor-container elementor-column-gap-default\">\n\t\t\t\t\t<div class=\"elementor-column elementor-col-100 elementor-top-column elementor-element elementor-element-9e65986\" data-id=\"9e65986\" data-element_type=\"column\" data-e-type=\"column\">\n\t\t\t<div class=\"elementor-widget-wrap elementor-element-populated\">\n\t\t\t\t\t\t<div class=\"elementor-element elementor-element-9df6827 elementor-widget elementor-widget-heading\" data-id=\"9df6827\" data-element_type=\"widget\" data-e-type=\"widget\" data-widget_type=\"heading.default\">\n\t\t\t\t<div class=\"elementor-widget-container\">\n\t\t\t\t\t<h2 class=\"elementor-heading-title elementor-size-default\">Nut &amp; Feder Bretter, konische<br> Fassadenlatten, Hobelware<\/h2>\t\t\t\t<\/div>\n\t\t\t\t<\/div>\n\t\t\t\t<div class=\"elementor-element elementor-element-ce075d1 elementor-widget elementor-widget-text-editor\" data-id=\"ce075d1\" data-element_type=\"widget\" data-e-type=\"widget\" data-widget_type=\"text-editor.default\">\n\t\t\t\t<div class=\"elementor-widget-container\">\n\t\t\t\t\t\t\t\t\t<p>Nut &amp; Feder Bretter, konische Fassadenlatten, Hobelware auf Kundenwunsch in Fichte und L\u00e4rchen und Kiefer werden von Zechner Holz in Deutschfeistritz bei Graz geliefert.<\/p>\t\t\t\t\t\t\t\t<\/div>\n\t\t\t\t<\/div>\n\t\t\t\t\t<\/div>\n\t\t<\/div>\n\t\t\t\t\t<\/div>\n\t\t<\/section>\n\t\t\t\t<section data-particle_enable=\"false\" data-particle-mobile-disabled=\"false\" class=\"elementor-section elementor-top-section elementor-element elementor-element-ceb18e3 elementor-section-boxed elementor-section-height-default elementor-section-height-default\" data-id=\"ceb18e3\" data-element_type=\"section\" data-e-type=\"section\">\n\t\t\t\t\t\t<div class=\"elementor-container elementor-column-gap-default\">\n\t\t\t\t\t<div class=\"elementor-column elementor-col-50 elementor-top-column elementor-element elementor-element-8a79d56\" data-id=\"8a79d56\" data-element_type=\"column\" data-e-type=\"column\">\n\t\t\t<div class=\"elementor-widget-wrap elementor-element-populated\">\n\t\t\t\t\t\t<div class=\"elementor-element elementor-element-140f00a elementor-widget elementor-widget-image\" data-id=\"140f00a\" data-element_type=\"widget\" data-e-type=\"widget\" data-widget_type=\"image.default\">\n\t\t\t\t<div class=\"elementor-widget-container\">\n\t\t\t\t\t\t\t\t\t\t\t\t\t\t\t<img fetchpriority=\"high\" decoding=\"async\" width=\"619\" height=\"362\" src=\"https:\/\/bauholz.at\/wp-content\/uploads\/2023\/06\/bf7016_1f82196e162942b6a2b6cc2c33307cd1mv2_d_2458_1844_s_2.webp\" class=\"attachment-full size-full wp-image-518\" alt=\"\" srcset=\"https:\/\/bauholz.at\/wp-content\/uploads\/2023\/06\/bf7016_1f82196e162942b6a2b6cc2c33307cd1mv2_d_2458_1844_s_2.webp 619w, https:\/\/bauholz.at\/wp-content\/uploads\/2023\/06\/bf7016_1f82196e162942b6a2b6cc2c33307cd1mv2_d_2458_1844_s_2-300x175.webp 300w\" sizes=\"(max-width: 619px) 100vw, 619px\" \/>\t\t\t\t\t\t\t\t\t\t\t\t\t\t\t<\/div>\n\t\t\t\t<\/div>\n\t\t\t\t\t<\/div>\n\t\t<\/div>\n\t\t\t\t<div class=\"elementor-column elementor-col-50 elementor-top-column elementor-element elementor-element-cc0716a\" data-id=\"cc0716a\" data-element_type=\"column\" data-e-type=\"column\">\n\t\t\t<div class=\"elementor-widget-wrap elementor-element-populated\">\n\t\t\t\t\t\t<div class=\"elementor-element elementor-element-14a7e19 elementor-widget elementor-widget-heading\" data-id=\"14a7e19\" data-element_type=\"widget\" data-e-type=\"widget\" data-widget_type=\"heading.default\">\n\t\t\t\t<div class=\"elementor-widget-container\">\n\t\t\t\t\t<h2 class=\"elementor-heading-title elementor-size-default\">Vielf\u00e4ltig Einsatzm\u00f6glichkeiten<\/h2>\t\t\t\t<\/div>\n\t\t\t\t<\/div>\n\t\t\t\t<div class=\"elementor-element elementor-element-95672a9 elementor-widget elementor-widget-text-editor\" data-id=\"95672a9\" data-element_type=\"widget\" data-e-type=\"widget\" data-widget_type=\"text-editor.default\">\n\t\t\t\t<div class=\"elementor-widget-container\">\n\t\t\t\t\t\t\t\t\t<ul><li>Holzverschalungen<\/li><li>Au\u00dfenw\u00e4nde von Gartenh\u00e4usern<\/li><li>Untersichtschalung<\/li><li>Z\u00e4une<\/li><li>Balkone<\/li><li>Hausfassaden<\/li><li>Sandkisten<\/li><li>Kinderspielh\u00e4uschen<\/li><li>Carport<\/li><li>Ger\u00e4teschuppen<\/li><li>H\u00fchnerhaus<\/li><li>Hasenhaus<\/li><li>Baumhaus<\/li><li>Terrassendielen<\/li><li>Hochbeete<\/li><li>Ausbesserungsh\u00f6lzer<\/li><\/ul>\t\t\t\t\t\t\t\t<\/div>\n\t\t\t\t<\/div>\n\t\t\t\t\t<\/div>\n\t\t<\/div>\n\t\t\t\t\t<\/div>\n\t\t<\/section>\n\t\t\t\t<section data-particle_enable=\"false\" data-particle-mobile-disabled=\"false\" class=\"elementor-section elementor-top-section elementor-element elementor-element-b8378d7 elementor-section-boxed elementor-section-height-default elementor-section-height-default\" data-id=\"b8378d7\" data-element_type=\"section\" data-e-type=\"section\">\n\t\t\t\t\t\t<div class=\"elementor-container elementor-column-gap-default\">\n\t\t\t\t\t<div class=\"elementor-column elementor-col-50 elementor-top-column elementor-element elementor-element-821ddbb\" data-id=\"821ddbb\" data-element_type=\"column\" data-e-type=\"column\">\n\t\t\t<div class=\"elementor-widget-wrap elementor-element-populated\">\n\t\t\t\t\t\t<div class=\"elementor-element elementor-element-d256259 elementor-widget elementor-widget-heading\" data-id=\"d256259\" data-element_type=\"widget\" data-e-type=\"widget\" data-widget_type=\"heading.default\">\n\t\t\t\t<div class=\"elementor-widget-container\">\n\t\t\t\t\t<h2 class=\"elementor-heading-title elementor-size-default\">Vorteile<\/h2>\t\t\t\t<\/div>\n\t\t\t\t<\/div>\n\t\t\t\t<div class=\"elementor-element elementor-element-080411d elementor-widget elementor-widget-text-editor\" data-id=\"080411d\" data-element_type=\"widget\" data-e-type=\"widget\" data-widget_type=\"text-editor.default\">\n\t\t\t\t<div class=\"elementor-widget-container\">\n\t\t\t\t\t\t\t\t\t<ul><li>langlebig<\/li><li>pflegeleicht<\/li><li>isolierend<\/li><li>100% reines Naturmaterial aus \u00d6sterreich<\/li><\/ul>\t\t\t\t\t\t\t\t<\/div>\n\t\t\t\t<\/div>\n\t\t\t\t\t<\/div>\n\t\t<\/div>\n\t\t\t\t<div class=\"elementor-column elementor-col-50 elementor-top-column elementor-element elementor-element-3681993\" data-id=\"3681993\" data-element_type=\"column\" data-e-type=\"column\">\n\t\t\t<div class=\"elementor-widget-wrap elementor-element-populated\">\n\t\t\t\t\t\t<div class=\"elementor-element elementor-element-2d14aa2 elementor-widget elementor-widget-image\" data-id=\"2d14aa2\" data-element_type=\"widget\" data-e-type=\"widget\" data-widget_type=\"image.default\">\n\t\t\t\t<div class=\"elementor-widget-container\">\n\t\t\t\t\t\t\t\t\t\t\t\t\t\t\t<img decoding=\"async\" width=\"626\" height=\"360\" src=\"https:\/\/bauholz.at\/wp-content\/uploads\/2023\/06\/bf7016_5a02b183f4b541619a9d572f7e4bcd4fmv2_d_3264_2448_s_4_2.webp\" class=\"attachment-full size-full wp-image-522\" alt=\"\" srcset=\"https:\/\/bauholz.at\/wp-content\/uploads\/2023\/06\/bf7016_5a02b183f4b541619a9d572f7e4bcd4fmv2_d_3264_2448_s_4_2.webp 626w, https:\/\/bauholz.at\/wp-content\/uploads\/2023\/06\/bf7016_5a02b183f4b541619a9d572f7e4bcd4fmv2_d_3264_2448_s_4_2-300x173.webp 300w\" sizes=\"(max-width: 626px) 100vw, 626px\" \/>\t\t\t\t\t\t\t\t\t\t\t\t\t\t\t<\/div>\n\t\t\t\t<\/div>\n\t\t\t\t\t<\/div>\n\t\t<\/div>\n\t\t\t\t\t<\/div>\n\t\t<\/section>\n\t\t\t\t<section data-particle_enable=\"false\" data-particle-mobile-disabled=\"false\" class=\"elementor-section elementor-top-section elementor-element elementor-element-d946827 elementor-section-boxed elementor-section-height-default elementor-section-height-default\" data-id=\"d946827\" data-element_type=\"section\" data-e-type=\"section\">\n\t\t\t\t\t\t<div class=\"elementor-container elementor-column-gap-default\">\n\t\t\t\t\t<div class=\"elementor-column elementor-col-50 elementor-top-column elementor-element elementor-element-ea37f3e\" data-id=\"ea37f3e\" data-element_type=\"column\" data-e-type=\"column\">\n\t\t\t<div class=\"elementor-widget-wrap elementor-element-populated\">\n\t\t\t\t\t\t<div class=\"elementor-element elementor-element-ffccf19 elementor-widget elementor-widget-image\" data-id=\"ffccf19\" data-element_type=\"widget\" data-e-type=\"widget\" data-widget_type=\"image.default\">\n\t\t\t\t<div class=\"elementor-widget-container\">\n\t\t\t\t\t\t\t\t\t\t\t\t\t\t\t<img decoding=\"async\" width=\"2560\" height=\"1920\" src=\"https:\/\/bauholz.at\/wp-content\/uploads\/2023\/06\/Hobelware_Welnessoase-scaled.jpg\" class=\"attachment-full size-full wp-image-792\" alt=\"\" srcset=\"https:\/\/bauholz.at\/wp-content\/uploads\/2023\/06\/Hobelware_Welnessoase-scaled.jpg 2560w, https:\/\/bauholz.at\/wp-content\/uploads\/2023\/06\/Hobelware_Welnessoase-300x225.jpg 300w, https:\/\/bauholz.at\/wp-content\/uploads\/2023\/06\/Hobelware_Welnessoase-1024x768.jpg 1024w, https:\/\/bauholz.at\/wp-content\/uploads\/2023\/06\/Hobelware_Welnessoase-768x576.jpg 768w, https:\/\/bauholz.at\/wp-content\/uploads\/2023\/06\/Hobelware_Welnessoase-1536x1152.jpg 1536w, https:\/\/bauholz.at\/wp-content\/uploads\/2023\/06\/Hobelware_Welnessoase-2048x1536.jpg 2048w\" sizes=\"(max-width: 2560px) 100vw, 2560px\" \/>\t\t\t\t\t\t\t\t\t\t\t\t\t\t\t<\/div>\n\t\t\t\t<\/div>\n\t\t\t\t\t<\/div>\n\t\t<\/div>\n\t\t\t\t<div class=\"elementor-column elementor-col-50 elementor-top-column elementor-element elementor-element-9de4171\" data-id=\"9de4171\" data-element_type=\"column\" data-e-type=\"column\">\n\t\t\t<div class=\"elementor-widget-wrap elementor-element-populated\">\n\t\t\t\t\t\t<div class=\"elementor-element elementor-element-96f3bde elementor-widget elementor-widget-heading\" data-id=\"96f3bde\" data-element_type=\"widget\" data-e-type=\"widget\" data-widget_type=\"heading.default\">\n\t\t\t\t<div class=\"elementor-widget-container\">\n\t\t\t\t\t<h2 class=\"elementor-heading-title elementor-size-default\">Hobelware<\/h2>\t\t\t\t<\/div>\n\t\t\t\t<\/div>\n\t\t\t\t<div class=\"elementor-element elementor-element-7de4b8e elementor-widget elementor-widget-text-editor\" data-id=\"7de4b8e\" data-element_type=\"widget\" data-e-type=\"widget\" data-widget_type=\"text-editor.default\">\n\t\t\t\t<div class=\"elementor-widget-container\">\n\t\t\t\t\t\t\t\t\t<p class=\"font_7\">Hobelware\u00a0aus\u00a0Deutschfeistritz bei Graz\/Steiermark -vierseitig gehobelte Fichte und L\u00e4rche und Kiefer in sorgf\u00e4ltig sortierter Qualit\u00e4t.<br \/>Hobelware f\u00fcr den Innen und Aussenbereich von Zechner Holz &#8211; in gewohnter Spitzenqualit\u00e4t.<\/p>\t\t\t\t\t\t\t\t<\/div>\n\t\t\t\t<\/div>\n\t\t\t\t<div class=\"elementor-element elementor-element-e5d750b elementor-widget elementor-widget-text-editor\" data-id=\"e5d750b\" data-element_type=\"widget\" data-e-type=\"widget\" data-widget_type=\"text-editor.default\">\n\t\t\t\t<div class=\"elementor-widget-container\">\n\t\t\t\t\t\t\t\t\t<p class=\"font_7\">Standard und Sonderma\u00dfe m\u00f6glich &#8211; auf speziellen Kundenwunsch gefertigt &#8211; ab Losgr\u00f6\u00dfe 1.<\/p>\t\t\t\t\t\t\t\t<\/div>\n\t\t\t\t<\/div>\n\t\t\t\t\t<\/div>\n\t\t<\/div>\n\t\t\t\t\t<\/div>\n\t\t<\/section>\n\t\t\t\t<section data-particle_enable=\"false\" data-particle-mobile-disabled=\"false\" class=\"elementor-section elementor-top-section elementor-element elementor-element-42cfb5e elementor-section-boxed elementor-section-height-default elementor-section-height-default\" data-id=\"42cfb5e\" data-element_type=\"section\" data-e-type=\"section\">\n\t\t\t\t\t\t<div class=\"elementor-container elementor-column-gap-default\">\n\t\t\t\t\t<div class=\"elementor-column elementor-col-50 elementor-top-column elementor-element elementor-element-6a519fa\" data-id=\"6a519fa\" data-element_type=\"column\" data-e-type=\"column\">\n\t\t\t<div class=\"elementor-widget-wrap elementor-element-populated\">\n\t\t\t\t\t\t<div class=\"elementor-element elementor-element-e0bff0b elementor-widget elementor-widget-heading\" data-id=\"e0bff0b\" data-element_type=\"widget\" data-e-type=\"widget\" data-widget_type=\"heading.default\">\n\t\t\t\t<div class=\"elementor-widget-container\">\n\t\t\t\t\t<h2 class=\"elementor-heading-title elementor-size-default\">Glattkantbretter<\/h2>\t\t\t\t<\/div>\n\t\t\t\t<\/div>\n\t\t\t\t<div class=\"elementor-element elementor-element-09e96fe elementor-widget elementor-widget-text-editor\" data-id=\"09e96fe\" data-element_type=\"widget\" data-e-type=\"widget\" data-widget_type=\"text-editor.default\">\n\t\t\t\t<div class=\"elementor-widget-container\">\n\t\t\t\t\t\t\t\t\t<p class=\"font_7\">Holz Zechner liefert Glattkantbretter in L\u00e4rche und Fichte vierseitig gehobelt und\/oder gefast in fast jeder gew\u00fcnschten Dimension.<\/p><p class=\"font_7\">L\u00e4nge: 4 Meter<\/p><p class=\"font_7\">Lieferbare Mengen: ab 1 St\u00fcck<\/p><p class=\"font_7\">Aktueller\u00a0Lagerbestand\u00a0und Lieferzeiten f\u00fcr Glattkantbretter:<\/p><p class=\"font_7\"><a href=\"https:\/\/web.archive.org\/web\/20210124162311\/mailto:info@bauholz.at\" target=\"_self\" data-content=\"info@bauholz.at\" data-type=\"mail\">info@bauholz.at<\/a>\u00a0 oder\u00a0<a href=\"https:\/\/web.archive.org\/web\/20210124162311\/tel:+433127409900\" data-content=\"+433127409900\" data-type=\"phone\">+43 (0) 3127 40 9 90-0<\/a><\/p><p class=\"font_7\">Lieferung oder Selbstabholung\u00a0im S\u00e4gewerk\u00a0Zechner, Deutschfeistritz bei Graz m\u00f6glich<\/p>\t\t\t\t\t\t\t\t<\/div>\n\t\t\t\t<\/div>\n\t\t\t\t\t<\/div>\n\t\t<\/div>\n\t\t\t\t<div class=\"elementor-column elementor-col-50 elementor-top-column elementor-element elementor-element-1f20f3a\" data-id=\"1f20f3a\" data-element_type=\"column\" data-e-type=\"column\">\n\t\t\t<div class=\"elementor-widget-wrap elementor-element-populated\">\n\t\t\t\t\t\t<div class=\"elementor-element elementor-element-a4cf271 elementor-widget elementor-widget-image\" data-id=\"a4cf271\" data-element_type=\"widget\" data-e-type=\"widget\" data-widget_type=\"image.default\">\n\t\t\t\t<div class=\"elementor-widget-container\">\n\t\t\t\t\t\t\t\t\t\t\t\t\t\t\t<img loading=\"lazy\" decoding=\"async\" width=\"626\" height=\"360\" src=\"https:\/\/bauholz.at\/wp-content\/uploads\/2023\/06\/bf7016_acb860480b144eb3bcbe3b3d53794619mv2_d_4752_3168_s_4_2.webp\" class=\"attachment-full size-full wp-image-530\" alt=\"\" srcset=\"https:\/\/bauholz.at\/wp-content\/uploads\/2023\/06\/bf7016_acb860480b144eb3bcbe3b3d53794619mv2_d_4752_3168_s_4_2.webp 626w, https:\/\/bauholz.at\/wp-content\/uploads\/2023\/06\/bf7016_acb860480b144eb3bcbe3b3d53794619mv2_d_4752_3168_s_4_2-300x173.webp 300w\" sizes=\"(max-width: 626px) 100vw, 626px\" \/>\t\t\t\t\t\t\t\t\t\t\t\t\t\t\t<\/div>\n\t\t\t\t<\/div>\n\t\t\t\t\t<\/div>\n\t\t<\/div>\n\t\t\t\t\t<\/div>\n\t\t<\/section>\n\t\t\t\t<\/div>\n\t\t","protected":false},"excerpt":{"rendered":"<p>Nut &#038; Feder Bretter, konische Fassadenlatten, Hobelware Nut &amp; Feder Bretter, konische Fassadenlatten, Hobelware auf Kundenwunsch in Fichte und L\u00e4rchen und Kiefer werden von Zechner Holz in Deutschfeistritz bei Graz geliefert. Vielf\u00e4ltig Einsatzm\u00f6glichkeiten Holzverschalungen Au\u00dfenw\u00e4nde von Gartenh\u00e4usern Untersichtschalung Z\u00e4une Balkone Hausfassaden Sandkisten Kinderspielh\u00e4uschen Carport Ger\u00e4teschuppen H\u00fchnerhaus Hasenhaus Baumhaus Terrassendielen Hochbeete Ausbesserungsh\u00f6lzer Vorteile langlebig pflegeleicht isolierend [&hellip;]<\/p>\n","protected":false},"author":2,"featured_media":0,"parent":0,"menu_order":0,"comment_status":"closed","ping_status":"closed","template":"elementor_header_footer","meta":{"footnotes":""},"class_list":["post-512","page","type-page","status-publish","hentry"],"yoast_head":"<!-- This site is optimized with the Yoast SEO plugin v27.6 - https:\/\/yoast.com\/product\/yoast-seo-wordpress\/ -->\n<title>Hobelware - Bauholz<\/title>\n<meta name=\"robots\" content=\"index, follow, max-snippet:-1, max-image-preview:large, max-video-preview:-1\" \/>\n<link rel=\"canonical\" href=\"https:\/\/bauholz.at\/?page_id=512\" \/>\n<meta property=\"og:locale\" content=\"de_DE\" \/>\n<meta property=\"og:type\" content=\"article\" \/>\n<meta property=\"og:title\" content=\"Hobelware - Bauholz\" \/>\n<meta property=\"og:description\" content=\"Nut &#038; Feder Bretter, konische Fassadenlatten, Hobelware Nut &amp; Feder Bretter, konische Fassadenlatten, Hobelware auf Kundenwunsch in Fichte und L\u00e4rchen und Kiefer werden von Zechner Holz in Deutschfeistritz bei Graz geliefert. Vielf\u00e4ltig Einsatzm\u00f6glichkeiten Holzverschalungen Au\u00dfenw\u00e4nde von Gartenh\u00e4usern Untersichtschalung Z\u00e4une Balkone Hausfassaden Sandkisten Kinderspielh\u00e4uschen Carport Ger\u00e4teschuppen H\u00fchnerhaus Hasenhaus Baumhaus Terrassendielen Hochbeete Ausbesserungsh\u00f6lzer Vorteile langlebig pflegeleicht isolierend [&hellip;]\" \/>\n<meta property=\"og:url\" content=\"https:\/\/bauholz.at\/?page_id=512\" \/>\n<meta property=\"og:site_name\" content=\"Bauholz\" \/>\n<meta property=\"article:modified_time\" content=\"2023-06-22T08:47:18+00:00\" \/>\n<meta property=\"og:image\" content=\"https:\/\/dev-bauholz.justdo-it.at\/wp-content\/uploads\/2023\/06\/bf7016_1f82196e162942b6a2b6cc2c33307cd1mv2_d_2458_1844_s_2.webp\" \/>\n<meta name=\"twitter:card\" content=\"summary_large_image\" \/>\n<meta name=\"twitter:label1\" content=\"Gesch\u00e4tzte Lesezeit\" \/>\n\t<meta name=\"twitter:data1\" content=\"2\u00a0Minuten\" \/>\n<script type=\"application\/ld+json\" class=\"yoast-schema-graph\">{\"@context\":\"https:\\\/\\\/schema.org\",\"@graph\":[{\"@type\":\"WebPage\",\"@id\":\"https:\\\/\\\/bauholz.at\\\/?page_id=512\",\"url\":\"https:\\\/\\\/bauholz.at\\\/?page_id=512\",\"name\":\"Hobelware - Bauholz\",\"isPartOf\":{\"@id\":\"https:\\\/\\\/bauholz.at\\\/#website\"},\"primaryImageOfPage\":{\"@id\":\"https:\\\/\\\/bauholz.at\\\/?page_id=512#primaryimage\"},\"image\":{\"@id\":\"https:\\\/\\\/bauholz.at\\\/?page_id=512#primaryimage\"},\"thumbnailUrl\":\"https:\\\/\\\/dev-bauholz.justdo-it.at\\\/wp-content\\\/uploads\\\/2023\\\/06\\\/bf7016_1f82196e162942b6a2b6cc2c33307cd1mv2_d_2458_1844_s_2.webp\",\"datePublished\":\"2023-06-09T07:36:50+00:00\",\"dateModified\":\"2023-06-22T08:47:18+00:00\",\"breadcrumb\":{\"@id\":\"https:\\\/\\\/bauholz.at\\\/?page_id=512#breadcrumb\"},\"inLanguage\":\"de\",\"potentialAction\":[{\"@type\":\"ReadAction\",\"target\":[\"https:\\\/\\\/bauholz.at\\\/?page_id=512\"]}]},{\"@type\":\"ImageObject\",\"inLanguage\":\"de\",\"@id\":\"https:\\\/\\\/bauholz.at\\\/?page_id=512#primaryimage\",\"url\":\"https:\\\/\\\/dev-bauholz.justdo-it.at\\\/wp-content\\\/uploads\\\/2023\\\/06\\\/bf7016_1f82196e162942b6a2b6cc2c33307cd1mv2_d_2458_1844_s_2.webp\",\"contentUrl\":\"https:\\\/\\\/dev-bauholz.justdo-it.at\\\/wp-content\\\/uploads\\\/2023\\\/06\\\/bf7016_1f82196e162942b6a2b6cc2c33307cd1mv2_d_2458_1844_s_2.webp\"},{\"@type\":\"BreadcrumbList\",\"@id\":\"https:\\\/\\\/bauholz.at\\\/?page_id=512#breadcrumb\",\"itemListElement\":[{\"@type\":\"ListItem\",\"position\":1,\"name\":\"Startseite\",\"item\":\"https:\\\/\\\/bauholz.at\\\/\"},{\"@type\":\"ListItem\",\"position\":2,\"name\":\"Hobelware\"}]},{\"@type\":\"WebSite\",\"@id\":\"https:\\\/\\\/bauholz.at\\\/#website\",\"url\":\"https:\\\/\\\/bauholz.at\\\/\",\"name\":\"Bauholz\",\"description\":\"\",\"potentialAction\":[{\"@type\":\"SearchAction\",\"target\":{\"@type\":\"EntryPoint\",\"urlTemplate\":\"https:\\\/\\\/bauholz.at\\\/?s={search_term_string}\"},\"query-input\":{\"@type\":\"PropertyValueSpecification\",\"valueRequired\":true,\"valueName\":\"search_term_string\"}}],\"inLanguage\":\"de\"}]}<\/script>\n<!-- \/ Yoast SEO plugin. -->","yoast_head_json":{"title":"Hobelware - Bauholz","robots":{"index":"index","follow":"follow","max-snippet":"max-snippet:-1","max-image-preview":"max-image-preview:large","max-video-preview":"max-video-preview:-1"},"canonical":"https:\/\/bauholz.at\/?page_id=512","og_locale":"de_DE","og_type":"article","og_title":"Hobelware - Bauholz","og_description":"Nut &#038; Feder Bretter, konische Fassadenlatten, Hobelware Nut &amp; Feder Bretter, konische Fassadenlatten, Hobelware auf Kundenwunsch in Fichte und L\u00e4rchen und Kiefer werden von Zechner Holz in Deutschfeistritz bei Graz geliefert. Vielf\u00e4ltig Einsatzm\u00f6glichkeiten Holzverschalungen Au\u00dfenw\u00e4nde von Gartenh\u00e4usern Untersichtschalung Z\u00e4une Balkone Hausfassaden Sandkisten Kinderspielh\u00e4uschen Carport Ger\u00e4teschuppen H\u00fchnerhaus Hasenhaus Baumhaus Terrassendielen Hochbeete Ausbesserungsh\u00f6lzer Vorteile langlebig pflegeleicht isolierend [&hellip;]","og_url":"https:\/\/bauholz.at\/?page_id=512","og_site_name":"Bauholz","article_modified_time":"2023-06-22T08:47:18+00:00","og_image":[{"url":"https:\/\/dev-bauholz.justdo-it.at\/wp-content\/uploads\/2023\/06\/bf7016_1f82196e162942b6a2b6cc2c33307cd1mv2_d_2458_1844_s_2.webp","type":"","width":"","height":""}],"twitter_card":"summary_large_image","twitter_misc":{"Gesch\u00e4tzte Lesezeit":"2\u00a0Minuten"},"schema":{"@context":"https:\/\/schema.org","@graph":[{"@type":"WebPage","@id":"https:\/\/bauholz.at\/?page_id=512","url":"https:\/\/bauholz.at\/?page_id=512","name":"Hobelware - Bauholz","isPartOf":{"@id":"https:\/\/bauholz.at\/#website"},"primaryImageOfPage":{"@id":"https:\/\/bauholz.at\/?page_id=512#primaryimage"},"image":{"@id":"https:\/\/bauholz.at\/?page_id=512#primaryimage"},"thumbnailUrl":"https:\/\/dev-bauholz.justdo-it.at\/wp-content\/uploads\/2023\/06\/bf7016_1f82196e162942b6a2b6cc2c33307cd1mv2_d_2458_1844_s_2.webp","datePublished":"2023-06-09T07:36:50+00:00","dateModified":"2023-06-22T08:47:18+00:00","breadcrumb":{"@id":"https:\/\/bauholz.at\/?page_id=512#breadcrumb"},"inLanguage":"de","potentialAction":[{"@type":"ReadAction","target":["https:\/\/bauholz.at\/?page_id=512"]}]},{"@type":"ImageObject","inLanguage":"de","@id":"https:\/\/bauholz.at\/?page_id=512#primaryimage","url":"https:\/\/dev-bauholz.justdo-it.at\/wp-content\/uploads\/2023\/06\/bf7016_1f82196e162942b6a2b6cc2c33307cd1mv2_d_2458_1844_s_2.webp","contentUrl":"https:\/\/dev-bauholz.justdo-it.at\/wp-content\/uploads\/2023\/06\/bf7016_1f82196e162942b6a2b6cc2c33307cd1mv2_d_2458_1844_s_2.webp"},{"@type":"BreadcrumbList","@id":"https:\/\/bauholz.at\/?page_id=512#breadcrumb","itemListElement":[{"@type":"ListItem","position":1,"name":"Startseite","item":"https:\/\/bauholz.at\/"},{"@type":"ListItem","position":2,"name":"Hobelware"}]},{"@type":"WebSite","@id":"https:\/\/bauholz.at\/#website","url":"https:\/\/bauholz.at\/","name":"Bauholz","description":"","potentialAction":[{"@type":"SearchAction","target":{"@type":"EntryPoint","urlTemplate":"https:\/\/bauholz.at\/?s={search_term_string}"},"query-input":{"@type":"PropertyValueSpecification","valueRequired":true,"valueName":"search_term_string"}}],"inLanguage":"de"}]}},"_links":{"self":[{"href":"https:\/\/bauholz.at\/index.php?rest_route=\/wp\/v2\/pages\/512","targetHints":{"allow":["GET"]}}],"collection":[{"href":"https:\/\/bauholz.at\/index.php?rest_route=\/wp\/v2\/pages"}],"about":[{"href":"https:\/\/bauholz.at\/index.php?rest_route=\/wp\/v2\/types\/page"}],"author":[{"embeddable":true,"href":"https:\/\/bauholz.at\/index.php?rest_route=\/wp\/v2\/users\/2"}],"replies":[{"embeddable":true,"href":"https:\/\/bauholz.at\/index.php?rest_route=%2Fwp%2Fv2%2Fcomments&post=512"}],"version-history":[{"count":31,"href":"https:\/\/bauholz.at\/index.php?rest_route=\/wp\/v2\/pages\/512\/revisions"}],"predecessor-version":[{"id":829,"href":"https:\/\/bauholz.at\/index.php?rest_route=\/wp\/v2\/pages\/512\/revisions\/829"}],"wp:attachment":[{"href":"https:\/\/bauholz.at\/index.php?rest_route=%2Fwp%2Fv2%2Fmedia&parent=512"}],"curies":[{"name":"wp","href":"https:\/\/api.w.org\/{rel}","templated":true}]}}