{"id":453,"date":"2023-06-09T07:07:13","date_gmt":"2023-06-09T07:07:13","guid":{"rendered":"https:\/\/dev-bauholz.justdo-it.at\/?page_id=453"},"modified":"2023-06-14T12:29:14","modified_gmt":"2023-06-14T12:29:14","slug":"schnittholz","status":"publish","type":"page","link":"https:\/\/bauholz.at\/?page_id=453","title":{"rendered":"Schnittholz"},"content":{"rendered":"\t\t<div data-elementor-type=\"wp-page\" data-elementor-id=\"453\" class=\"elementor elementor-453\" data-elementor-post-type=\"page\">\n\t\t\t\t\t\t<section data-particle_enable=\"false\" data-particle-mobile-disabled=\"false\" class=\"elementor-section elementor-top-section elementor-element elementor-element-222b67d elementor-section-boxed elementor-section-height-default elementor-section-height-default\" data-id=\"222b67d\" data-element_type=\"section\" data-e-type=\"section\">\n\t\t\t\t\t\t<div class=\"elementor-container elementor-column-gap-default\">\n\t\t\t\t\t<div class=\"elementor-column elementor-col-100 elementor-top-column elementor-element elementor-element-bfbd14a\" data-id=\"bfbd14a\" data-element_type=\"column\" data-e-type=\"column\">\n\t\t\t<div class=\"elementor-widget-wrap elementor-element-populated\">\n\t\t\t\t\t\t<div class=\"elementor-element elementor-element-1031571 elementor-widget elementor-widget-heading\" data-id=\"1031571\" data-element_type=\"widget\" data-e-type=\"widget\" data-widget_type=\"heading.default\">\n\t\t\t\t<div class=\"elementor-widget-container\">\n\t\t\t\t\t<h2 class=\"elementor-heading-title elementor-size-default\">Spezialzuschnitte<\/h2>\t\t\t\t<\/div>\n\t\t\t\t<\/div>\n\t\t\t\t<div class=\"elementor-element elementor-element-2318a51 elementor-widget elementor-widget-text-editor\" data-id=\"2318a51\" data-element_type=\"widget\" data-e-type=\"widget\" data-widget_type=\"text-editor.default\">\n\t\t\t\t<div class=\"elementor-widget-container\">\n\t\t\t\t\t\t\t\t\t<p>Sie suchen einen verl\u00e4\u00dflichen Partner f\u00fcr Ihre Spezialzuschnitte?<\/p>\t\t\t\t\t\t\t\t<\/div>\n\t\t\t\t<\/div>\n\t\t\t\t\t<\/div>\n\t\t<\/div>\n\t\t\t\t\t<\/div>\n\t\t<\/section>\n\t\t\t\t<section data-particle_enable=\"false\" data-particle-mobile-disabled=\"false\" class=\"elementor-section elementor-top-section elementor-element elementor-element-bc7f75e elementor-section-boxed elementor-section-height-default elementor-section-height-default\" data-id=\"bc7f75e\" data-element_type=\"section\" data-e-type=\"section\">\n\t\t\t\t\t\t<div class=\"elementor-container elementor-column-gap-default\">\n\t\t\t\t\t<div class=\"elementor-column elementor-col-50 elementor-top-column elementor-element elementor-element-2fa0f4e\" data-id=\"2fa0f4e\" data-element_type=\"column\" data-e-type=\"column\">\n\t\t\t<div class=\"elementor-widget-wrap elementor-element-populated\">\n\t\t\t\t\t\t<div class=\"elementor-element elementor-element-a893907 elementor-widget elementor-widget-image\" data-id=\"a893907\" data-element_type=\"widget\" data-e-type=\"widget\" data-widget_type=\"image.default\">\n\t\t\t\t<div class=\"elementor-widget-container\">\n\t\t\t\t\t\t\t\t\t\t\t\t\t\t\t<img fetchpriority=\"high\" decoding=\"async\" width=\"619\" height=\"363\" src=\"https:\/\/bauholz.at\/wp-content\/uploads\/2023\/06\/bf7016_e3c227dfbf634743ada57e66bcaf2a5emv2_d_2560_1920_s_2.webp\" class=\"attachment-full size-full wp-image-462\" alt=\"\" srcset=\"https:\/\/bauholz.at\/wp-content\/uploads\/2023\/06\/bf7016_e3c227dfbf634743ada57e66bcaf2a5emv2_d_2560_1920_s_2.webp 619w, https:\/\/bauholz.at\/wp-content\/uploads\/2023\/06\/bf7016_e3c227dfbf634743ada57e66bcaf2a5emv2_d_2560_1920_s_2-300x176.webp 300w\" sizes=\"(max-width: 619px) 100vw, 619px\" \/>\t\t\t\t\t\t\t\t\t\t\t\t\t\t\t<\/div>\n\t\t\t\t<\/div>\n\t\t\t\t\t<\/div>\n\t\t<\/div>\n\t\t\t\t<div class=\"elementor-column elementor-col-50 elementor-top-column elementor-element elementor-element-59b8e3b\" data-id=\"59b8e3b\" data-element_type=\"column\" data-e-type=\"column\">\n\t\t\t<div class=\"elementor-widget-wrap elementor-element-populated\">\n\t\t\t\t\t\t<div class=\"elementor-element elementor-element-b92c2b0 elementor-widget elementor-widget-text-editor\" data-id=\"b92c2b0\" data-element_type=\"widget\" data-e-type=\"widget\" data-widget_type=\"text-editor.default\">\n\t\t\t\t<div class=\"elementor-widget-container\">\n\t\t\t\t\t\t\t\t\t<p class=\"font_7\">Sie suchen<\/p><ul class=\"font_7\"><li><p class=\"font_7\">Leisten getrocknet,<\/p><\/li><li><p class=\"font_7\">Leisten gehobelt<\/p><\/li><li><p class=\"font_7\">Leisten zugeschnitten?<\/p><\/li><\/ul><p class=\"font_7\">Zechner Holz aus Deutschfeistritz bei Graz bietet genau das an!<\/p><p class=\"font_7\">Wir bieten:<\/p><ul class=\"font_7\"><li><p class=\"font_7\">Holz auf Wunschl\u00e4nge zugeschnitten<\/p><\/li><li><p class=\"font_7\">Holz auf Wunschl\u00e4nge zugeschnitten und gehobelt<\/p><\/li><li><p class=\"font_7\">Holz in Ihrem individuellen Sonderprofil<\/p><\/li><\/ul><p class=\"font_7\">Zuschnitte auch f\u00fcr homeworker m\u00f6glich!<\/p><p class=\"font_7\">Deutschfeistritz bei Graz &#8211; Ihr verl\u00e4sslicher Partner!<\/p>\t\t\t\t\t\t\t\t<\/div>\n\t\t\t\t<\/div>\n\t\t\t\t\t<\/div>\n\t\t<\/div>\n\t\t\t\t\t<\/div>\n\t\t<\/section>\n\t\t\t\t<section data-particle_enable=\"false\" data-particle-mobile-disabled=\"false\" class=\"elementor-section elementor-top-section elementor-element elementor-element-8b006fe elementor-section-boxed elementor-section-height-default elementor-section-height-default\" data-id=\"8b006fe\" data-element_type=\"section\" data-e-type=\"section\">\n\t\t\t\t\t\t<div class=\"elementor-container elementor-column-gap-default\">\n\t\t\t\t\t<div class=\"elementor-column elementor-col-50 elementor-top-column elementor-element elementor-element-504e143\" data-id=\"504e143\" data-element_type=\"column\" data-e-type=\"column\">\n\t\t\t<div class=\"elementor-widget-wrap elementor-element-populated\">\n\t\t\t\t\t\t<div class=\"elementor-element elementor-element-354413d elementor-widget elementor-widget-heading\" data-id=\"354413d\" data-element_type=\"widget\" data-e-type=\"widget\" data-widget_type=\"heading.default\">\n\t\t\t\t<div class=\"elementor-widget-container\">\n\t\t\t\t\t<h2 class=\"elementor-heading-title elementor-size-default\">Schnittholz<\/h2>\t\t\t\t<\/div>\n\t\t\t\t<\/div>\n\t\t\t\t<div class=\"elementor-element elementor-element-1a217b5 elementor-widget elementor-widget-text-editor\" data-id=\"1a217b5\" data-element_type=\"widget\" data-e-type=\"widget\" data-widget_type=\"text-editor.default\">\n\t\t\t\t<div class=\"elementor-widget-container\">\n\t\t\t\t\t\t\t\t\t<ul class=\"font_7\"><li><p class=\"font_7\">Ausgesuchtes Nadelrundholz in Fichte, Tanne, L\u00e4rche und Kiefer wird zu Schnittholz verarbeitet.<\/p><\/li><\/ul><ul class=\"font_7\"><li><p class=\"font_7\">Zechner Holz in Deutschfeistritz\/Graz bietet<\/p><\/li><li><p class=\"font_7\">Schnittholz in handels\u00fcblichen Standardsortimenten<\/p><\/li><li><p class=\"font_7\">und kundenspezifischen Sonderdimensionen an.<\/p><\/li><li><p class=\"font_7\">Zechner Holz produziert nicht auf Lager &#8211; sondern nach Kundenwunsch<\/p><\/li><li><p class=\"font_7\">Schnittholz wird entweder<\/p><\/li><li><p class=\"font_7\">s\u00e4gerau verkauft oder zu<\/p><\/li><li><p class=\"font_7\">hochwertigen Holzprodukten gehobelt.<\/p><\/li><\/ul>\t\t\t\t\t\t\t\t<\/div>\n\t\t\t\t<\/div>\n\t\t\t\t\t<\/div>\n\t\t<\/div>\n\t\t\t\t<div class=\"elementor-column elementor-col-50 elementor-top-column elementor-element elementor-element-379fe5c\" data-id=\"379fe5c\" data-element_type=\"column\" data-e-type=\"column\">\n\t\t\t<div class=\"elementor-widget-wrap elementor-element-populated\">\n\t\t\t\t\t\t<div class=\"elementor-element elementor-element-856034b elementor-widget elementor-widget-image\" data-id=\"856034b\" data-element_type=\"widget\" data-e-type=\"widget\" data-widget_type=\"image.default\">\n\t\t\t\t<div class=\"elementor-widget-container\">\n\t\t\t\t\t\t\t\t\t\t\t\t\t\t\t<img decoding=\"async\" width=\"626\" height=\"360\" src=\"https:\/\/bauholz.at\/wp-content\/uploads\/2023\/06\/bf7016_27595e3b96c54255aaf2d2ef96a0ad99mv2.webp\" class=\"attachment-full size-full wp-image-466\" alt=\"\" srcset=\"https:\/\/bauholz.at\/wp-content\/uploads\/2023\/06\/bf7016_27595e3b96c54255aaf2d2ef96a0ad99mv2.webp 626w, https:\/\/bauholz.at\/wp-content\/uploads\/2023\/06\/bf7016_27595e3b96c54255aaf2d2ef96a0ad99mv2-300x173.webp 300w\" sizes=\"(max-width: 626px) 100vw, 626px\" \/>\t\t\t\t\t\t\t\t\t\t\t\t\t\t\t<\/div>\n\t\t\t\t<\/div>\n\t\t\t\t\t<\/div>\n\t\t<\/div>\n\t\t\t\t\t<\/div>\n\t\t<\/section>\n\t\t\t\t<section data-particle_enable=\"false\" data-particle-mobile-disabled=\"false\" class=\"elementor-section elementor-top-section elementor-element elementor-element-08a6847 elementor-section-boxed elementor-section-height-default elementor-section-height-default\" data-id=\"08a6847\" data-element_type=\"section\" data-e-type=\"section\">\n\t\t\t\t\t\t<div class=\"elementor-container elementor-column-gap-default\">\n\t\t\t\t\t<div class=\"elementor-column elementor-col-50 elementor-top-column elementor-element elementor-element-43ef208\" data-id=\"43ef208\" data-element_type=\"column\" data-e-type=\"column\">\n\t\t\t<div class=\"elementor-widget-wrap elementor-element-populated\">\n\t\t\t\t\t\t<div class=\"elementor-element elementor-element-675ddef elementor-widget elementor-widget-image\" data-id=\"675ddef\" data-element_type=\"widget\" data-e-type=\"widget\" data-widget_type=\"image.default\">\n\t\t\t\t<div class=\"elementor-widget-container\">\n\t\t\t\t\t\t\t\t\t\t\t\t\t\t\t<img decoding=\"async\" width=\"532\" height=\"358\" src=\"https:\/\/bauholz.at\/wp-content\/uploads\/2023\/06\/bf7016_fb9ce540156c4afda541cc9ab52bab04mv2_d_2592_1944_s_2.webp\" class=\"attachment-full size-full wp-image-467\" alt=\"\" srcset=\"https:\/\/bauholz.at\/wp-content\/uploads\/2023\/06\/bf7016_fb9ce540156c4afda541cc9ab52bab04mv2_d_2592_1944_s_2.webp 532w, https:\/\/bauholz.at\/wp-content\/uploads\/2023\/06\/bf7016_fb9ce540156c4afda541cc9ab52bab04mv2_d_2592_1944_s_2-300x202.webp 300w\" sizes=\"(max-width: 532px) 100vw, 532px\" \/>\t\t\t\t\t\t\t\t\t\t\t\t\t\t\t<\/div>\n\t\t\t\t<\/div>\n\t\t\t\t\t<\/div>\n\t\t<\/div>\n\t\t\t\t<div class=\"elementor-column elementor-col-50 elementor-top-column elementor-element elementor-element-6468695\" data-id=\"6468695\" data-element_type=\"column\" data-e-type=\"column\">\n\t\t\t<div class=\"elementor-widget-wrap elementor-element-populated\">\n\t\t\t\t\t\t<div class=\"elementor-element elementor-element-b05061f elementor-widget elementor-widget-heading\" data-id=\"b05061f\" data-element_type=\"widget\" data-e-type=\"widget\" data-widget_type=\"heading.default\">\n\t\t\t\t<div class=\"elementor-widget-container\">\n\t\t\t\t\t<h2 class=\"elementor-heading-title elementor-size-default\">Zechner Schnittholz wird verwendet f\u00fcr:<\/h2>\t\t\t\t<\/div>\n\t\t\t\t<\/div>\n\t\t\t\t<div class=\"elementor-element elementor-element-7b59531 elementor-widget elementor-widget-text-editor\" data-id=\"7b59531\" data-element_type=\"widget\" data-e-type=\"widget\" data-widget_type=\"text-editor.default\">\n\t\t\t\t<div class=\"elementor-widget-container\">\n\t\t\t\t\t\t\t\t\t<ul><li class=\"font_7\">konstruktiven Holzbau<\/li><li class=\"font_7\">Hausbau<\/li><li class=\"font_7\">Umbau<\/li><li class=\"font_7\">Ausbau<\/li><li class=\"font_7\">Innenausbau<\/li><li class=\"font_7\">Aussenbereich<\/li><li class=\"font_7\">Trockenbau<\/li><li class=\"font_7\">Holzriegelbau<\/li><li class=\"font_7\">Holzblockbau<\/li><li class=\"font_7\">Renovierung Innenbereich<\/li><li class=\"font_7\">Renovierung Aussenbereich<\/li><li class=\"font_7\">Neubau\u00a0<\/li><li class=\"font_7\">Fertighausindustrie<\/li><li class=\"font_7\">Verpackungsindustrie<\/li><li class=\"font_7\">und in vielen weiteren Bereichen<\/li><\/ul>\t\t\t\t\t\t\t\t<\/div>\n\t\t\t\t<\/div>\n\t\t\t\t\t<\/div>\n\t\t<\/div>\n\t\t\t\t\t<\/div>\n\t\t<\/section>\n\t\t\t\t<section data-particle_enable=\"false\" data-particle-mobile-disabled=\"false\" class=\"elementor-section elementor-top-section elementor-element elementor-element-50a78df elementor-section-boxed elementor-section-height-default elementor-section-height-default\" data-id=\"50a78df\" data-element_type=\"section\" data-e-type=\"section\">\n\t\t\t\t\t\t<div class=\"elementor-container elementor-column-gap-default\">\n\t\t\t\t\t<div class=\"elementor-column elementor-col-100 elementor-top-column elementor-element elementor-element-3d741a1\" data-id=\"3d741a1\" data-element_type=\"column\" data-e-type=\"column\">\n\t\t\t<div class=\"elementor-widget-wrap elementor-element-populated\">\n\t\t\t\t\t\t<div class=\"elementor-element elementor-element-e5426f7 elementor-widget elementor-widget-text-editor\" data-id=\"e5426f7\" data-element_type=\"widget\" data-e-type=\"widget\" data-widget_type=\"text-editor.default\">\n\t\t\t\t<div class=\"elementor-widget-container\">\n\t\t\t\t\t\t\t\t\t<p class=\"font_7\">Ein flexibles Team garantiert, dass auch\u00a0kurzfristige Auftr\u00e4ge\u00a0nach individuellen Kundenw\u00fcnschen rasch und sorgf\u00e4ltig erledigt werden k\u00f6nnen.<\/p><p class=\"font_7\">Gleichbleibende Qualit\u00e4t wird Ihnen durch die Qualit\u00e4tsrichtlinien von Zechner Holz garantiert!<\/p><p class=\"font_7\">Selbstabholung oder Lieferung im Gro\u00dfraum Graz m\u00f6glich.<\/p>\t\t\t\t\t\t\t\t<\/div>\n\t\t\t\t<\/div>\n\t\t\t\t\t<\/div>\n\t\t<\/div>\n\t\t\t\t\t<\/div>\n\t\t<\/section>\n\t\t\t\t<\/div>\n\t\t","protected":false},"excerpt":{"rendered":"<p>Spezialzuschnitte Sie suchen einen verl\u00e4\u00dflichen Partner f\u00fcr Ihre Spezialzuschnitte? Sie suchen Leisten getrocknet, Leisten gehobelt Leisten zugeschnitten? Zechner Holz aus Deutschfeistritz bei Graz bietet genau das an! Wir bieten: Holz auf Wunschl\u00e4nge zugeschnitten Holz auf Wunschl\u00e4nge zugeschnitten und gehobelt Holz in Ihrem individuellen Sonderprofil Zuschnitte auch f\u00fcr homeworker m\u00f6glich! Deutschfeistritz bei Graz &#8211; Ihr verl\u00e4sslicher [&hellip;]<\/p>\n","protected":false},"author":2,"featured_media":0,"parent":0,"menu_order":0,"comment_status":"closed","ping_status":"closed","template":"elementor_header_footer","meta":{"footnotes":""},"class_list":["post-453","page","type-page","status-publish","hentry"],"yoast_head":"<!-- This site is optimized with the Yoast SEO plugin v27.4 - https:\/\/yoast.com\/product\/yoast-seo-wordpress\/ -->\n<title>Schnittholz - Bauholz<\/title>\n<meta name=\"robots\" content=\"index, follow, max-snippet:-1, max-image-preview:large, max-video-preview:-1\" \/>\n<link rel=\"canonical\" href=\"https:\/\/bauholz.at\/?page_id=453\" \/>\n<meta property=\"og:locale\" content=\"de_DE\" \/>\n<meta property=\"og:type\" content=\"article\" \/>\n<meta property=\"og:title\" content=\"Schnittholz - Bauholz\" \/>\n<meta property=\"og:description\" content=\"Spezialzuschnitte Sie suchen einen verl\u00e4\u00dflichen Partner f\u00fcr Ihre Spezialzuschnitte? Sie suchen Leisten getrocknet, Leisten gehobelt Leisten zugeschnitten? Zechner Holz aus Deutschfeistritz bei Graz bietet genau das an! Wir bieten: Holz auf Wunschl\u00e4nge zugeschnitten Holz auf Wunschl\u00e4nge zugeschnitten und gehobelt Holz in Ihrem individuellen Sonderprofil Zuschnitte auch f\u00fcr homeworker m\u00f6glich! Deutschfeistritz bei Graz &#8211; Ihr verl\u00e4sslicher [&hellip;]\" \/>\n<meta property=\"og:url\" content=\"https:\/\/bauholz.at\/?page_id=453\" \/>\n<meta property=\"og:site_name\" content=\"Bauholz\" \/>\n<meta property=\"article:modified_time\" content=\"2023-06-14T12:29:14+00:00\" \/>\n<meta property=\"og:image\" content=\"https:\/\/dev-bauholz.justdo-it.at\/wp-content\/uploads\/2023\/06\/bf7016_e3c227dfbf634743ada57e66bcaf2a5emv2_d_2560_1920_s_2.webp\" \/>\n<meta name=\"twitter:card\" content=\"summary_large_image\" \/>\n<meta name=\"twitter:label1\" content=\"Gesch\u00e4tzte Lesezeit\" \/>\n\t<meta name=\"twitter:data1\" content=\"2\u00a0Minuten\" \/>\n<script type=\"application\/ld+json\" class=\"yoast-schema-graph\">{\"@context\":\"https:\\\/\\\/schema.org\",\"@graph\":[{\"@type\":\"WebPage\",\"@id\":\"https:\\\/\\\/bauholz.at\\\/?page_id=453\",\"url\":\"https:\\\/\\\/bauholz.at\\\/?page_id=453\",\"name\":\"Schnittholz - Bauholz\",\"isPartOf\":{\"@id\":\"https:\\\/\\\/bauholz.at\\\/#website\"},\"primaryImageOfPage\":{\"@id\":\"https:\\\/\\\/bauholz.at\\\/?page_id=453#primaryimage\"},\"image\":{\"@id\":\"https:\\\/\\\/bauholz.at\\\/?page_id=453#primaryimage\"},\"thumbnailUrl\":\"https:\\\/\\\/dev-bauholz.justdo-it.at\\\/wp-content\\\/uploads\\\/2023\\\/06\\\/bf7016_e3c227dfbf634743ada57e66bcaf2a5emv2_d_2560_1920_s_2.webp\",\"datePublished\":\"2023-06-09T07:07:13+00:00\",\"dateModified\":\"2023-06-14T12:29:14+00:00\",\"breadcrumb\":{\"@id\":\"https:\\\/\\\/bauholz.at\\\/?page_id=453#breadcrumb\"},\"inLanguage\":\"de\",\"potentialAction\":[{\"@type\":\"ReadAction\",\"target\":[\"https:\\\/\\\/bauholz.at\\\/?page_id=453\"]}]},{\"@type\":\"ImageObject\",\"inLanguage\":\"de\",\"@id\":\"https:\\\/\\\/bauholz.at\\\/?page_id=453#primaryimage\",\"url\":\"https:\\\/\\\/dev-bauholz.justdo-it.at\\\/wp-content\\\/uploads\\\/2023\\\/06\\\/bf7016_e3c227dfbf634743ada57e66bcaf2a5emv2_d_2560_1920_s_2.webp\",\"contentUrl\":\"https:\\\/\\\/dev-bauholz.justdo-it.at\\\/wp-content\\\/uploads\\\/2023\\\/06\\\/bf7016_e3c227dfbf634743ada57e66bcaf2a5emv2_d_2560_1920_s_2.webp\"},{\"@type\":\"BreadcrumbList\",\"@id\":\"https:\\\/\\\/bauholz.at\\\/?page_id=453#breadcrumb\",\"itemListElement\":[{\"@type\":\"ListItem\",\"position\":1,\"name\":\"Startseite\",\"item\":\"https:\\\/\\\/bauholz.at\\\/\"},{\"@type\":\"ListItem\",\"position\":2,\"name\":\"Schnittholz\"}]},{\"@type\":\"WebSite\",\"@id\":\"https:\\\/\\\/bauholz.at\\\/#website\",\"url\":\"https:\\\/\\\/bauholz.at\\\/\",\"name\":\"Bauholz\",\"description\":\"\",\"potentialAction\":[{\"@type\":\"SearchAction\",\"target\":{\"@type\":\"EntryPoint\",\"urlTemplate\":\"https:\\\/\\\/bauholz.at\\\/?s={search_term_string}\"},\"query-input\":{\"@type\":\"PropertyValueSpecification\",\"valueRequired\":true,\"valueName\":\"search_term_string\"}}],\"inLanguage\":\"de\"}]}<\/script>\n<!-- \/ Yoast SEO plugin. -->","yoast_head_json":{"title":"Schnittholz - Bauholz","robots":{"index":"index","follow":"follow","max-snippet":"max-snippet:-1","max-image-preview":"max-image-preview:large","max-video-preview":"max-video-preview:-1"},"canonical":"https:\/\/bauholz.at\/?page_id=453","og_locale":"de_DE","og_type":"article","og_title":"Schnittholz - Bauholz","og_description":"Spezialzuschnitte Sie suchen einen verl\u00e4\u00dflichen Partner f\u00fcr Ihre Spezialzuschnitte? Sie suchen Leisten getrocknet, Leisten gehobelt Leisten zugeschnitten? Zechner Holz aus Deutschfeistritz bei Graz bietet genau das an! Wir bieten: Holz auf Wunschl\u00e4nge zugeschnitten Holz auf Wunschl\u00e4nge zugeschnitten und gehobelt Holz in Ihrem individuellen Sonderprofil Zuschnitte auch f\u00fcr homeworker m\u00f6glich! Deutschfeistritz bei Graz &#8211; Ihr verl\u00e4sslicher [&hellip;]","og_url":"https:\/\/bauholz.at\/?page_id=453","og_site_name":"Bauholz","article_modified_time":"2023-06-14T12:29:14+00:00","og_image":[{"url":"https:\/\/dev-bauholz.justdo-it.at\/wp-content\/uploads\/2023\/06\/bf7016_e3c227dfbf634743ada57e66bcaf2a5emv2_d_2560_1920_s_2.webp","type":"","width":"","height":""}],"twitter_card":"summary_large_image","twitter_misc":{"Gesch\u00e4tzte Lesezeit":"2\u00a0Minuten"},"schema":{"@context":"https:\/\/schema.org","@graph":[{"@type":"WebPage","@id":"https:\/\/bauholz.at\/?page_id=453","url":"https:\/\/bauholz.at\/?page_id=453","name":"Schnittholz - Bauholz","isPartOf":{"@id":"https:\/\/bauholz.at\/#website"},"primaryImageOfPage":{"@id":"https:\/\/bauholz.at\/?page_id=453#primaryimage"},"image":{"@id":"https:\/\/bauholz.at\/?page_id=453#primaryimage"},"thumbnailUrl":"https:\/\/dev-bauholz.justdo-it.at\/wp-content\/uploads\/2023\/06\/bf7016_e3c227dfbf634743ada57e66bcaf2a5emv2_d_2560_1920_s_2.webp","datePublished":"2023-06-09T07:07:13+00:00","dateModified":"2023-06-14T12:29:14+00:00","breadcrumb":{"@id":"https:\/\/bauholz.at\/?page_id=453#breadcrumb"},"inLanguage":"de","potentialAction":[{"@type":"ReadAction","target":["https:\/\/bauholz.at\/?page_id=453"]}]},{"@type":"ImageObject","inLanguage":"de","@id":"https:\/\/bauholz.at\/?page_id=453#primaryimage","url":"https:\/\/dev-bauholz.justdo-it.at\/wp-content\/uploads\/2023\/06\/bf7016_e3c227dfbf634743ada57e66bcaf2a5emv2_d_2560_1920_s_2.webp","contentUrl":"https:\/\/dev-bauholz.justdo-it.at\/wp-content\/uploads\/2023\/06\/bf7016_e3c227dfbf634743ada57e66bcaf2a5emv2_d_2560_1920_s_2.webp"},{"@type":"BreadcrumbList","@id":"https:\/\/bauholz.at\/?page_id=453#breadcrumb","itemListElement":[{"@type":"ListItem","position":1,"name":"Startseite","item":"https:\/\/bauholz.at\/"},{"@type":"ListItem","position":2,"name":"Schnittholz"}]},{"@type":"WebSite","@id":"https:\/\/bauholz.at\/#website","url":"https:\/\/bauholz.at\/","name":"Bauholz","description":"","potentialAction":[{"@type":"SearchAction","target":{"@type":"EntryPoint","urlTemplate":"https:\/\/bauholz.at\/?s={search_term_string}"},"query-input":{"@type":"PropertyValueSpecification","valueRequired":true,"valueName":"search_term_string"}}],"inLanguage":"de"}]}},"_links":{"self":[{"href":"https:\/\/bauholz.at\/index.php?rest_route=\/wp\/v2\/pages\/453","targetHints":{"allow":["GET"]}}],"collection":[{"href":"https:\/\/bauholz.at\/index.php?rest_route=\/wp\/v2\/pages"}],"about":[{"href":"https:\/\/bauholz.at\/index.php?rest_route=\/wp\/v2\/types\/page"}],"author":[{"embeddable":true,"href":"https:\/\/bauholz.at\/index.php?rest_route=\/wp\/v2\/users\/2"}],"replies":[{"embeddable":true,"href":"https:\/\/bauholz.at\/index.php?rest_route=%2Fwp%2Fv2%2Fcomments&post=453"}],"version-history":[{"count":29,"href":"https:\/\/bauholz.at\/index.php?rest_route=\/wp\/v2\/pages\/453\/revisions"}],"predecessor-version":[{"id":758,"href":"https:\/\/bauholz.at\/index.php?rest_route=\/wp\/v2\/pages\/453\/revisions\/758"}],"wp:attachment":[{"href":"https:\/\/bauholz.at\/index.php?rest_route=%2Fwp%2Fv2%2Fmedia&parent=453"}],"curies":[{"name":"wp","href":"https:\/\/api.w.org\/{rel}","templated":true}]}}