{"id":417,"date":"2023-06-09T06:45:01","date_gmt":"2023-06-09T06:45:01","guid":{"rendered":"https:\/\/dev-bauholz.justdo-it.at\/?page_id=417"},"modified":"2023-06-22T08:46:49","modified_gmt":"2023-06-22T08:46:49","slug":"verpackungsholz","status":"publish","type":"page","link":"https:\/\/bauholz.at\/?page_id=417","title":{"rendered":"Verpackungsholz"},"content":{"rendered":"\t\t<div data-elementor-type=\"wp-page\" data-elementor-id=\"417\" class=\"elementor elementor-417\" data-elementor-post-type=\"page\">\n\t\t\t\t\t\t<section data-particle_enable=\"false\" data-particle-mobile-disabled=\"false\" class=\"elementor-section elementor-top-section elementor-element elementor-element-092101d elementor-section-boxed elementor-section-height-default elementor-section-height-default\" data-id=\"092101d\" data-element_type=\"section\" data-e-type=\"section\">\n\t\t\t\t\t\t<div class=\"elementor-container elementor-column-gap-default\">\n\t\t\t\t\t<div class=\"elementor-column elementor-col-100 elementor-top-column elementor-element elementor-element-4eaeb71\" data-id=\"4eaeb71\" data-element_type=\"column\" data-e-type=\"column\">\n\t\t\t<div class=\"elementor-widget-wrap elementor-element-populated\">\n\t\t\t\t\t\t<div class=\"elementor-element elementor-element-e70c909 elementor-widget elementor-widget-heading\" data-id=\"e70c909\" data-element_type=\"widget\" data-e-type=\"widget\" data-widget_type=\"heading.default\">\n\t\t\t\t<div class=\"elementor-widget-container\">\n\t\t\t\t\t<h2 class=\"elementor-heading-title elementor-size-default\">Verpackungsholz ISPM\/IPPC zertifiziert<\/h2>\t\t\t\t<\/div>\n\t\t\t\t<\/div>\n\t\t\t\t<div class=\"elementor-element elementor-element-a1d5c18 elementor-widget elementor-widget-text-editor\" data-id=\"a1d5c18\" data-element_type=\"widget\" data-e-type=\"widget\" data-widget_type=\"text-editor.default\">\n\t\t\t\t<div class=\"elementor-widget-container\">\n\t\t\t\t\t\t\t\t\t<p>Zechner Holz in Deutschfeistritz bei Graz bietet ISPM\/IPPC zertifiziertes Verpackungsholz an Gerne bieten wir Ihnen dieses Holz an und senden Details und Zertifikat zu<\/p>\t\t\t\t\t\t\t\t<\/div>\n\t\t\t\t<\/div>\n\t\t\t\t\t<\/div>\n\t\t<\/div>\n\t\t\t\t\t<\/div>\n\t\t<\/section>\n\t\t\t\t<section data-particle_enable=\"false\" data-particle-mobile-disabled=\"false\" class=\"elementor-section elementor-top-section elementor-element elementor-element-0d1c56b elementor-section-boxed elementor-section-height-default elementor-section-height-default\" data-id=\"0d1c56b\" data-element_type=\"section\" data-e-type=\"section\">\n\t\t\t\t\t\t<div class=\"elementor-container elementor-column-gap-default\">\n\t\t\t\t\t<div class=\"elementor-column elementor-col-50 elementor-top-column elementor-element elementor-element-0dd0ab3\" data-id=\"0dd0ab3\" data-element_type=\"column\" data-e-type=\"column\">\n\t\t\t<div class=\"elementor-widget-wrap elementor-element-populated\">\n\t\t\t\t\t\t<div class=\"elementor-element elementor-element-9306671 elementor-widget elementor-widget-image\" data-id=\"9306671\" data-element_type=\"widget\" data-e-type=\"widget\" data-widget_type=\"image.default\">\n\t\t\t\t<div class=\"elementor-widget-container\">\n\t\t\t\t\t\t\t\t\t\t\t\t\t\t\t<img fetchpriority=\"high\" decoding=\"async\" width=\"619\" height=\"363\" src=\"https:\/\/bauholz.at\/wp-content\/uploads\/2023\/06\/bf7016_273cf3b70a4f4ee1b03154a947a64a67mv2_d_4896_3672_s_4_2.webp\" class=\"attachment-full size-full wp-image-423\" alt=\"\" srcset=\"https:\/\/bauholz.at\/wp-content\/uploads\/2023\/06\/bf7016_273cf3b70a4f4ee1b03154a947a64a67mv2_d_4896_3672_s_4_2.webp 619w, https:\/\/bauholz.at\/wp-content\/uploads\/2023\/06\/bf7016_273cf3b70a4f4ee1b03154a947a64a67mv2_d_4896_3672_s_4_2-300x176.webp 300w\" sizes=\"(max-width: 619px) 100vw, 619px\" \/>\t\t\t\t\t\t\t\t\t\t\t\t\t\t\t<\/div>\n\t\t\t\t<\/div>\n\t\t\t\t\t<\/div>\n\t\t<\/div>\n\t\t\t\t<div class=\"elementor-column elementor-col-50 elementor-top-column elementor-element elementor-element-f2409f5\" data-id=\"f2409f5\" data-element_type=\"column\" data-e-type=\"column\">\n\t\t\t<div class=\"elementor-widget-wrap elementor-element-populated\">\n\t\t\t\t\t\t<div class=\"elementor-element elementor-element-e8e9946 elementor-widget elementor-widget-heading\" data-id=\"e8e9946\" data-element_type=\"widget\" data-e-type=\"widget\" data-widget_type=\"heading.default\">\n\t\t\t\t<div class=\"elementor-widget-container\">\n\t\t\t\t\t<h2 class=\"elementor-heading-title elementor-size-default\">Verpackungsware IPPC\/ISPM<\/h2>\t\t\t\t<\/div>\n\t\t\t\t<\/div>\n\t\t\t\t<div class=\"elementor-element elementor-element-b7aa5b0 elementor-widget elementor-widget-text-editor\" data-id=\"b7aa5b0\" data-element_type=\"widget\" data-e-type=\"widget\" data-widget_type=\"text-editor.default\">\n\t\t\t\t<div class=\"elementor-widget-container\">\n\t\t\t\t\t\t\t\t\t<p class=\"font_7\">Verpackungsholz f\u00fcr den Export &#8230;darunter versteht man Holz, welches dem internationalen IPPC\/ISPM 15 standard entspricht.<\/p><p class=\"font_7\">Betriebe welche Verpackungsholz f\u00fcr den Export erzeugen, sind verpflichtet, sich vom jeweiligen Pflanzenschutzdienst zertifizieren zu lassen. &#8230;<br \/>Der Erzeuger von Verpackungsholz f\u00fcr den Export ist verpflichtet, das Verpackungsholz zu markieren, der Verpacker ist verpflichtet, dieses mit einem eigens daf\u00fcr vorgesehen Stempel zu versehen, auch der Verpacker mu\u00df zertifiziert sein<\/p>\t\t\t\t\t\t\t\t<\/div>\n\t\t\t\t<\/div>\n\t\t\t\t\t<\/div>\n\t\t<\/div>\n\t\t\t\t\t<\/div>\n\t\t<\/section>\n\t\t\t\t<section data-particle_enable=\"false\" data-particle-mobile-disabled=\"false\" class=\"elementor-section elementor-top-section elementor-element elementor-element-d14aaaa elementor-section-boxed elementor-section-height-default elementor-section-height-default\" data-id=\"d14aaaa\" data-element_type=\"section\" data-e-type=\"section\">\n\t\t\t\t\t\t<div class=\"elementor-container elementor-column-gap-default\">\n\t\t\t\t\t<div class=\"elementor-column elementor-col-50 elementor-top-column elementor-element elementor-element-5fcada2\" data-id=\"5fcada2\" data-element_type=\"column\" data-e-type=\"column\">\n\t\t\t<div class=\"elementor-widget-wrap elementor-element-populated\">\n\t\t\t\t\t\t<div class=\"elementor-element elementor-element-2274c13 elementor-widget elementor-widget-text-editor\" data-id=\"2274c13\" data-element_type=\"widget\" data-e-type=\"widget\" data-widget_type=\"text-editor.default\">\n\t\t\t\t<div class=\"elementor-widget-container\">\n\t\t\t\t\t\t\t\t\t<p class=\"font_7\">Verpackungsmaterial aus Holz mu\u00df hitzebehandelt werden, um die Einschleppung und Ausbreitung von Schadorganismen zu verhindern.\u00a0 In Europa ist die Begasung mit Methylbromid verboten, dies ist nur mehr in sogenannten Drittl\u00e4ndern erlaubt, dort wo Hitzebehandlung nicht oder kaum m\u00f6glich ist.<\/p><p class=\"font_7\">In Europa ist die W\u00e4rmebehandlung &#8211; die sogenannte Hitzebehandlung f\u00fcr Betriebe, welche Verpackungsholz , dem internationalen Verpackungsstandard IPPC\/ISPM 15 entsprechend, anbieten, verpflichtend. Ein eigens gef\u00fchrtes Hitzebehandlungsprotokoll ist ebenso verpflichtend wie das HTC heat treatment certificate, versehen mit der Erzeugernummer und der Paketnummer, \u00a0zu f\u00fchren und dem K\u00e4ufer auszuh\u00e4ndigen. Zechner Holz in Deutschfeistritz bei Graz ist ein autorisierter Erzeuger von Verpackungsholz IPPC\/ISPM 15.<\/p>\t\t\t\t\t\t\t\t<\/div>\n\t\t\t\t<\/div>\n\t\t\t\t\t<\/div>\n\t\t<\/div>\n\t\t\t\t<div class=\"elementor-column elementor-col-50 elementor-top-column elementor-element elementor-element-81fd99b\" data-id=\"81fd99b\" data-element_type=\"column\" data-e-type=\"column\">\n\t\t\t<div class=\"elementor-widget-wrap elementor-element-populated\">\n\t\t\t\t\t\t<div class=\"elementor-element elementor-element-0603311 elementor-widget elementor-widget-image\" data-id=\"0603311\" data-element_type=\"widget\" data-e-type=\"widget\" data-widget_type=\"image.default\">\n\t\t\t\t<div class=\"elementor-widget-container\">\n\t\t\t\t\t\t\t\t\t\t\t\t\t\t\t<img decoding=\"async\" width=\"626\" height=\"360\" src=\"https:\/\/bauholz.at\/wp-content\/uploads\/2023\/06\/bf7016_724b38c54463490587edc0c7598883b9mv2.webp\" class=\"attachment-full size-full wp-image-428\" alt=\"\" srcset=\"https:\/\/bauholz.at\/wp-content\/uploads\/2023\/06\/bf7016_724b38c54463490587edc0c7598883b9mv2.webp 626w, https:\/\/bauholz.at\/wp-content\/uploads\/2023\/06\/bf7016_724b38c54463490587edc0c7598883b9mv2-300x173.webp 300w\" sizes=\"(max-width: 626px) 100vw, 626px\" \/>\t\t\t\t\t\t\t\t\t\t\t\t\t\t\t<\/div>\n\t\t\t\t<\/div>\n\t\t\t\t\t<\/div>\n\t\t<\/div>\n\t\t\t\t\t<\/div>\n\t\t<\/section>\n\t\t\t\t<section data-particle_enable=\"false\" data-particle-mobile-disabled=\"false\" class=\"elementor-section elementor-top-section elementor-element elementor-element-1f3879b elementor-section-boxed elementor-section-height-default elementor-section-height-default\" data-id=\"1f3879b\" data-element_type=\"section\" data-e-type=\"section\">\n\t\t\t\t\t\t<div class=\"elementor-container elementor-column-gap-default\">\n\t\t\t\t\t<div class=\"elementor-column elementor-col-50 elementor-top-column elementor-element elementor-element-78005f4\" data-id=\"78005f4\" data-element_type=\"column\" data-e-type=\"column\">\n\t\t\t<div class=\"elementor-widget-wrap elementor-element-populated\">\n\t\t\t\t\t\t<div class=\"elementor-element elementor-element-44a90c4 elementor-widget elementor-widget-image\" data-id=\"44a90c4\" data-element_type=\"widget\" data-e-type=\"widget\" data-widget_type=\"image.default\">\n\t\t\t\t<div class=\"elementor-widget-container\">\n\t\t\t\t\t\t\t\t\t\t\t\t\t\t\t<img decoding=\"async\" width=\"554\" height=\"363\" src=\"https:\/\/bauholz.at\/wp-content\/uploads\/2023\/06\/bf7016_878638d85ae44968a29698b61816584cmv2_d_3672_4896_s_4_2.webp\" class=\"attachment-full size-full wp-image-424\" alt=\"\" srcset=\"https:\/\/bauholz.at\/wp-content\/uploads\/2023\/06\/bf7016_878638d85ae44968a29698b61816584cmv2_d_3672_4896_s_4_2.webp 554w, https:\/\/bauholz.at\/wp-content\/uploads\/2023\/06\/bf7016_878638d85ae44968a29698b61816584cmv2_d_3672_4896_s_4_2-300x197.webp 300w\" sizes=\"(max-width: 554px) 100vw, 554px\" \/>\t\t\t\t\t\t\t\t\t\t\t\t\t\t\t<\/div>\n\t\t\t\t<\/div>\n\t\t\t\t\t<\/div>\n\t\t<\/div>\n\t\t\t\t<div class=\"elementor-column elementor-col-50 elementor-top-column elementor-element elementor-element-bca4770\" data-id=\"bca4770\" data-element_type=\"column\" data-e-type=\"column\">\n\t\t\t<div class=\"elementor-widget-wrap elementor-element-populated\">\n\t\t\t\t\t\t<div class=\"elementor-element elementor-element-553c715 elementor-widget elementor-widget-heading\" data-id=\"553c715\" data-element_type=\"widget\" data-e-type=\"widget\" data-widget_type=\"heading.default\">\n\t\t\t\t<div class=\"elementor-widget-container\">\n\t\t\t\t\t<h2 class=\"elementor-heading-title elementor-size-default\">Verpackungsware<\/h2>\t\t\t\t<\/div>\n\t\t\t\t<\/div>\n\t\t\t\t<div class=\"elementor-element elementor-element-e16c901 elementor-widget elementor-widget-text-editor\" data-id=\"e16c901\" data-element_type=\"widget\" data-e-type=\"widget\" data-widget_type=\"text-editor.default\">\n\t\t\t\t<div class=\"elementor-widget-container\">\n\t\t\t\t\t\t\t\t\t<ul class=\"font_7\"><li><p class=\"font_7\">Verpackungsholz<\/p><\/li><li><p class=\"font_7\">ISPM &#8211; IPPC 15 zertifiziert Exportverpackungsholz<\/p><\/li><li><p class=\"font_7\">autorisierter Erzeuger von Verpackungsholz<\/p><\/li><li><p class=\"font_7\">vorschriftsm\u00e4\u00dfige Dokumentation<\/p><\/li><li><p class=\"font_7\">zugeschnitten<\/p><\/li><li><p class=\"font_7\">zugestellt<\/p><\/li><li><p class=\"font_7\">nach individuellem Kundenwunsch<\/p><\/li><li><p class=\"font_7\">Spezialzuschnitte<\/p><\/li><li><p class=\"font_7\">Verpackungsholz IPPC\/ISPM 15 Einzelst\u00fcckkennzeichnung<\/p><\/li><li><p class=\"font_7\">Containerstauholz<\/p><\/li><li><p class=\"font_7\">Seefrachtverpackungsholz<\/p><\/li><li><p class=\"font_7\">ausgestattet mit HTC heat treatment certificate<\/p><\/li><li><p class=\"font_7\">von Zechner Holz in Graz Deutschfeistritz<\/p><\/li><\/ul>\t\t\t\t\t\t\t\t<\/div>\n\t\t\t\t<\/div>\n\t\t\t\t\t<\/div>\n\t\t<\/div>\n\t\t\t\t\t<\/div>\n\t\t<\/section>\n\t\t\t\t<section data-particle_enable=\"false\" data-particle-mobile-disabled=\"false\" class=\"elementor-section elementor-top-section elementor-element elementor-element-f11556f elementor-section-boxed elementor-section-height-default elementor-section-height-default\" data-id=\"f11556f\" data-element_type=\"section\" data-e-type=\"section\">\n\t\t\t\t\t\t<div class=\"elementor-container elementor-column-gap-default\">\n\t\t\t\t\t<div class=\"elementor-column elementor-col-50 elementor-top-column elementor-element elementor-element-87cadbb\" data-id=\"87cadbb\" data-element_type=\"column\" data-e-type=\"column\">\n\t\t\t<div class=\"elementor-widget-wrap elementor-element-populated\">\n\t\t\t\t\t\t<div class=\"elementor-element elementor-element-8a9703a elementor-widget elementor-widget-heading\" data-id=\"8a9703a\" data-element_type=\"widget\" data-e-type=\"widget\" data-widget_type=\"heading.default\">\n\t\t\t\t<div class=\"elementor-widget-container\">\n\t\t\t\t\t<h2 class=\"elementor-heading-title elementor-size-default\">Warum Pflanzenschutz bei Holzpackmitteln?<\/h2>\t\t\t\t<\/div>\n\t\t\t\t<\/div>\n\t\t\t\t<div class=\"elementor-element elementor-element-1ccec4d elementor-widget elementor-widget-text-editor\" data-id=\"1ccec4d\" data-element_type=\"widget\" data-e-type=\"widget\" data-widget_type=\"text-editor.default\">\n\t\t\t\t<div class=\"elementor-widget-container\">\n\t\t\t\t\t\t\t\t\t<p class=\"font_7\">Um Verpackungsholz am Markt konkurrenzf\u00e4hig zu halten, wurde die Richtlinie der IPPC entwickelt. \u00a0Dies ist eine internationale Richtlinie, die weltweit G\u00fcltigkeit hat.<\/p><p class=\"font_7\">Als zertifizierter Betrieb ist Zechner Holz in Graz &#8211; Deutschfeistritz verpflichtet, diese Richtlinien bei der Erzeugung von Verpackungsholz einzuhalten. Das Holz wird mittels Hitzebehandlung (protokolliertes Verfahren) von eventuellen Sch\u00e4dlingen befreit, und darf sodann als IPPC\/ISPM 15 standard Verpackungsholz in Verkehr gebracht werden. Der Erzeuger ist\u00a0verpflichtet, sein Holz zu kennzeichnen, der Verpacker muss verpflichtend jene Verpackungsprodukte, die dem IPPC standard entsprechen, stempeln und daf\u00fcr garantieren, dass ausschlie\u00dflich behandeltes Holz verwendet wurde.<\/p>\t\t\t\t\t\t\t\t<\/div>\n\t\t\t\t<\/div>\n\t\t\t\t\t<\/div>\n\t\t<\/div>\n\t\t\t\t<div class=\"elementor-column elementor-col-50 elementor-top-column elementor-element elementor-element-0b6d892\" data-id=\"0b6d892\" data-element_type=\"column\" data-e-type=\"column\">\n\t\t\t<div class=\"elementor-widget-wrap elementor-element-populated\">\n\t\t\t\t\t\t<div class=\"elementor-element elementor-element-eeb397f elementor-widget elementor-widget-image\" data-id=\"eeb397f\" data-element_type=\"widget\" data-e-type=\"widget\" data-widget_type=\"image.default\">\n\t\t\t\t<div class=\"elementor-widget-container\">\n\t\t\t\t\t\t\t\t\t\t\t\t\t\t\t<img loading=\"lazy\" decoding=\"async\" width=\"626\" height=\"360\" src=\"https:\/\/bauholz.at\/wp-content\/uploads\/2023\/06\/bf7016_72102b978dbf4cb9a7d566e01a932facmv2_d_2819_3759_s_4_2.webp\" class=\"attachment-full size-full wp-image-439\" alt=\"\" srcset=\"https:\/\/bauholz.at\/wp-content\/uploads\/2023\/06\/bf7016_72102b978dbf4cb9a7d566e01a932facmv2_d_2819_3759_s_4_2.webp 626w, https:\/\/bauholz.at\/wp-content\/uploads\/2023\/06\/bf7016_72102b978dbf4cb9a7d566e01a932facmv2_d_2819_3759_s_4_2-300x173.webp 300w\" sizes=\"(max-width: 626px) 100vw, 626px\" \/>\t\t\t\t\t\t\t\t\t\t\t\t\t\t\t<\/div>\n\t\t\t\t<\/div>\n\t\t\t\t\t<\/div>\n\t\t<\/div>\n\t\t\t\t\t<\/div>\n\t\t<\/section>\n\t\t\t\t<section data-particle_enable=\"false\" data-particle-mobile-disabled=\"false\" class=\"elementor-section elementor-top-section elementor-element elementor-element-3003299 elementor-section-boxed elementor-section-height-default elementor-section-height-default\" data-id=\"3003299\" data-element_type=\"section\" data-e-type=\"section\">\n\t\t\t\t\t\t<div class=\"elementor-container elementor-column-gap-default\">\n\t\t\t\t\t<div class=\"elementor-column elementor-col-50 elementor-top-column elementor-element elementor-element-52b6864\" data-id=\"52b6864\" data-element_type=\"column\" data-e-type=\"column\">\n\t\t\t<div class=\"elementor-widget-wrap elementor-element-populated\">\n\t\t\t\t\t\t<div class=\"elementor-element elementor-element-8f35c8a elementor-widget elementor-widget-image\" data-id=\"8f35c8a\" data-element_type=\"widget\" data-e-type=\"widget\" data-widget_type=\"image.default\">\n\t\t\t\t<div class=\"elementor-widget-container\">\n\t\t\t\t\t\t\t\t\t\t\t\t\t\t\t<img loading=\"lazy\" decoding=\"async\" width=\"2560\" height=\"1920\" src=\"https:\/\/bauholz.at\/wp-content\/uploads\/2023\/06\/Verpackungsholz-scaled.jpg\" class=\"attachment-full size-full wp-image-798\" alt=\"\" srcset=\"https:\/\/bauholz.at\/wp-content\/uploads\/2023\/06\/Verpackungsholz-scaled.jpg 2560w, https:\/\/bauholz.at\/wp-content\/uploads\/2023\/06\/Verpackungsholz-300x225.jpg 300w, https:\/\/bauholz.at\/wp-content\/uploads\/2023\/06\/Verpackungsholz-1024x768.jpg 1024w, https:\/\/bauholz.at\/wp-content\/uploads\/2023\/06\/Verpackungsholz-768x576.jpg 768w, https:\/\/bauholz.at\/wp-content\/uploads\/2023\/06\/Verpackungsholz-1536x1152.jpg 1536w, https:\/\/bauholz.at\/wp-content\/uploads\/2023\/06\/Verpackungsholz-2048x1536.jpg 2048w\" sizes=\"(max-width: 2560px) 100vw, 2560px\" \/>\t\t\t\t\t\t\t\t\t\t\t\t\t\t\t<\/div>\n\t\t\t\t<\/div>\n\t\t\t\t\t<\/div>\n\t\t<\/div>\n\t\t\t\t<div class=\"elementor-column elementor-col-50 elementor-top-column elementor-element elementor-element-0b8b2e5\" data-id=\"0b8b2e5\" data-element_type=\"column\" data-e-type=\"column\">\n\t\t\t<div class=\"elementor-widget-wrap elementor-element-populated\">\n\t\t\t\t\t\t<div class=\"elementor-element elementor-element-2b3b7e9 elementor-widget elementor-widget-text-editor\" data-id=\"2b3b7e9\" data-element_type=\"widget\" data-e-type=\"widget\" data-widget_type=\"text-editor.default\">\n\t\t\t\t<div class=\"elementor-widget-container\">\n\t\t\t\t\t\t\t\t\t<p class=\"font_7\">Die dazugeh\u00f6rige Leitlinie zur Umsetzung des Abkommens ist: ISPM Nr. 15 f\u00fcr Verpackungsholz \u00a0im internationalen Handel (ISPM= Internatione Standards f\u00fcr pflanzengesundheitliche Ma\u00dfnahmen).<\/p><p class=\"font_7\">Die Nachvollziehbarkeit mu\u00df gew\u00e4hrleistet sein &#8211; die Vertrauensw\u00fcrdigkeit wird durch externe Kontrollen (Amt der Stmk. Landesregierung) hergestellt. Verpackungsholz ist \u00fcberall auf der Welt recyclebar.<\/p><p class=\"font_7\">Kaufen Sie Ihr Verpackungsholz bei Zechner Holz in Deutschfeistritz bei Graz &#8211; Ihrem zuverl\u00e4ssigen Partner im Bereich Verpackungsware IPPC\/ISPM15.<\/p>\t\t\t\t\t\t\t\t<\/div>\n\t\t\t\t<\/div>\n\t\t\t\t\t<\/div>\n\t\t<\/div>\n\t\t\t\t\t<\/div>\n\t\t<\/section>\n\t\t\t\t<\/div>\n\t\t","protected":false},"excerpt":{"rendered":"<p>Verpackungsholz ISPM\/IPPC zertifiziert Zechner Holz in Deutschfeistritz bei Graz bietet ISPM\/IPPC zertifiziertes Verpackungsholz an Gerne bieten wir Ihnen dieses Holz an und senden Details und Zertifikat zu Verpackungsware IPPC\/ISPM Verpackungsholz f\u00fcr den Export &#8230;darunter versteht man Holz, welches dem internationalen IPPC\/ISPM 15 standard entspricht. Betriebe welche Verpackungsholz f\u00fcr den Export erzeugen, sind verpflichtet, sich vom [&hellip;]<\/p>\n","protected":false},"author":2,"featured_media":0,"parent":0,"menu_order":0,"comment_status":"closed","ping_status":"closed","template":"elementor_header_footer","meta":{"footnotes":""},"class_list":["post-417","page","type-page","status-publish","hentry"],"yoast_head":"<!-- This site is optimized with the Yoast SEO plugin v27.4 - https:\/\/yoast.com\/product\/yoast-seo-wordpress\/ -->\n<title>Verpackungsholz - Bauholz<\/title>\n<meta name=\"robots\" content=\"index, follow, max-snippet:-1, max-image-preview:large, max-video-preview:-1\" \/>\n<link rel=\"canonical\" href=\"https:\/\/bauholz.at\/?page_id=417\" \/>\n<meta property=\"og:locale\" content=\"de_DE\" \/>\n<meta property=\"og:type\" content=\"article\" \/>\n<meta property=\"og:title\" content=\"Verpackungsholz - Bauholz\" \/>\n<meta property=\"og:description\" content=\"Verpackungsholz ISPM\/IPPC zertifiziert Zechner Holz in Deutschfeistritz bei Graz bietet ISPM\/IPPC zertifiziertes Verpackungsholz an Gerne bieten wir Ihnen dieses Holz an und senden Details und Zertifikat zu Verpackungsware IPPC\/ISPM Verpackungsholz f\u00fcr den Export &#8230;darunter versteht man Holz, welches dem internationalen IPPC\/ISPM 15 standard entspricht. Betriebe welche Verpackungsholz f\u00fcr den Export erzeugen, sind verpflichtet, sich vom [&hellip;]\" \/>\n<meta property=\"og:url\" content=\"https:\/\/bauholz.at\/?page_id=417\" \/>\n<meta property=\"og:site_name\" content=\"Bauholz\" \/>\n<meta property=\"article:modified_time\" content=\"2023-06-22T08:46:49+00:00\" \/>\n<meta property=\"og:image\" content=\"https:\/\/dev-bauholz.justdo-it.at\/wp-content\/uploads\/2023\/06\/bf7016_273cf3b70a4f4ee1b03154a947a64a67mv2_d_4896_3672_s_4_2.webp\" \/>\n<meta name=\"twitter:card\" content=\"summary_large_image\" \/>\n<meta name=\"twitter:label1\" content=\"Gesch\u00e4tzte Lesezeit\" \/>\n\t<meta name=\"twitter:data1\" content=\"4\u00a0Minuten\" \/>\n<script type=\"application\/ld+json\" class=\"yoast-schema-graph\">{\"@context\":\"https:\\\/\\\/schema.org\",\"@graph\":[{\"@type\":\"WebPage\",\"@id\":\"https:\\\/\\\/bauholz.at\\\/?page_id=417\",\"url\":\"https:\\\/\\\/bauholz.at\\\/?page_id=417\",\"name\":\"Verpackungsholz - Bauholz\",\"isPartOf\":{\"@id\":\"https:\\\/\\\/bauholz.at\\\/#website\"},\"primaryImageOfPage\":{\"@id\":\"https:\\\/\\\/bauholz.at\\\/?page_id=417#primaryimage\"},\"image\":{\"@id\":\"https:\\\/\\\/bauholz.at\\\/?page_id=417#primaryimage\"},\"thumbnailUrl\":\"https:\\\/\\\/dev-bauholz.justdo-it.at\\\/wp-content\\\/uploads\\\/2023\\\/06\\\/bf7016_273cf3b70a4f4ee1b03154a947a64a67mv2_d_4896_3672_s_4_2.webp\",\"datePublished\":\"2023-06-09T06:45:01+00:00\",\"dateModified\":\"2023-06-22T08:46:49+00:00\",\"breadcrumb\":{\"@id\":\"https:\\\/\\\/bauholz.at\\\/?page_id=417#breadcrumb\"},\"inLanguage\":\"de\",\"potentialAction\":[{\"@type\":\"ReadAction\",\"target\":[\"https:\\\/\\\/bauholz.at\\\/?page_id=417\"]}]},{\"@type\":\"ImageObject\",\"inLanguage\":\"de\",\"@id\":\"https:\\\/\\\/bauholz.at\\\/?page_id=417#primaryimage\",\"url\":\"https:\\\/\\\/dev-bauholz.justdo-it.at\\\/wp-content\\\/uploads\\\/2023\\\/06\\\/bf7016_273cf3b70a4f4ee1b03154a947a64a67mv2_d_4896_3672_s_4_2.webp\",\"contentUrl\":\"https:\\\/\\\/dev-bauholz.justdo-it.at\\\/wp-content\\\/uploads\\\/2023\\\/06\\\/bf7016_273cf3b70a4f4ee1b03154a947a64a67mv2_d_4896_3672_s_4_2.webp\"},{\"@type\":\"BreadcrumbList\",\"@id\":\"https:\\\/\\\/bauholz.at\\\/?page_id=417#breadcrumb\",\"itemListElement\":[{\"@type\":\"ListItem\",\"position\":1,\"name\":\"Startseite\",\"item\":\"https:\\\/\\\/bauholz.at\\\/\"},{\"@type\":\"ListItem\",\"position\":2,\"name\":\"Verpackungsholz\"}]},{\"@type\":\"WebSite\",\"@id\":\"https:\\\/\\\/bauholz.at\\\/#website\",\"url\":\"https:\\\/\\\/bauholz.at\\\/\",\"name\":\"Bauholz\",\"description\":\"\",\"potentialAction\":[{\"@type\":\"SearchAction\",\"target\":{\"@type\":\"EntryPoint\",\"urlTemplate\":\"https:\\\/\\\/bauholz.at\\\/?s={search_term_string}\"},\"query-input\":{\"@type\":\"PropertyValueSpecification\",\"valueRequired\":true,\"valueName\":\"search_term_string\"}}],\"inLanguage\":\"de\"}]}<\/script>\n<!-- \/ Yoast SEO plugin. -->","yoast_head_json":{"title":"Verpackungsholz - Bauholz","robots":{"index":"index","follow":"follow","max-snippet":"max-snippet:-1","max-image-preview":"max-image-preview:large","max-video-preview":"max-video-preview:-1"},"canonical":"https:\/\/bauholz.at\/?page_id=417","og_locale":"de_DE","og_type":"article","og_title":"Verpackungsholz - Bauholz","og_description":"Verpackungsholz ISPM\/IPPC zertifiziert Zechner Holz in Deutschfeistritz bei Graz bietet ISPM\/IPPC zertifiziertes Verpackungsholz an Gerne bieten wir Ihnen dieses Holz an und senden Details und Zertifikat zu Verpackungsware IPPC\/ISPM Verpackungsholz f\u00fcr den Export &#8230;darunter versteht man Holz, welches dem internationalen IPPC\/ISPM 15 standard entspricht. Betriebe welche Verpackungsholz f\u00fcr den Export erzeugen, sind verpflichtet, sich vom [&hellip;]","og_url":"https:\/\/bauholz.at\/?page_id=417","og_site_name":"Bauholz","article_modified_time":"2023-06-22T08:46:49+00:00","og_image":[{"url":"https:\/\/dev-bauholz.justdo-it.at\/wp-content\/uploads\/2023\/06\/bf7016_273cf3b70a4f4ee1b03154a947a64a67mv2_d_4896_3672_s_4_2.webp","type":"","width":"","height":""}],"twitter_card":"summary_large_image","twitter_misc":{"Gesch\u00e4tzte Lesezeit":"4\u00a0Minuten"},"schema":{"@context":"https:\/\/schema.org","@graph":[{"@type":"WebPage","@id":"https:\/\/bauholz.at\/?page_id=417","url":"https:\/\/bauholz.at\/?page_id=417","name":"Verpackungsholz - Bauholz","isPartOf":{"@id":"https:\/\/bauholz.at\/#website"},"primaryImageOfPage":{"@id":"https:\/\/bauholz.at\/?page_id=417#primaryimage"},"image":{"@id":"https:\/\/bauholz.at\/?page_id=417#primaryimage"},"thumbnailUrl":"https:\/\/dev-bauholz.justdo-it.at\/wp-content\/uploads\/2023\/06\/bf7016_273cf3b70a4f4ee1b03154a947a64a67mv2_d_4896_3672_s_4_2.webp","datePublished":"2023-06-09T06:45:01+00:00","dateModified":"2023-06-22T08:46:49+00:00","breadcrumb":{"@id":"https:\/\/bauholz.at\/?page_id=417#breadcrumb"},"inLanguage":"de","potentialAction":[{"@type":"ReadAction","target":["https:\/\/bauholz.at\/?page_id=417"]}]},{"@type":"ImageObject","inLanguage":"de","@id":"https:\/\/bauholz.at\/?page_id=417#primaryimage","url":"https:\/\/dev-bauholz.justdo-it.at\/wp-content\/uploads\/2023\/06\/bf7016_273cf3b70a4f4ee1b03154a947a64a67mv2_d_4896_3672_s_4_2.webp","contentUrl":"https:\/\/dev-bauholz.justdo-it.at\/wp-content\/uploads\/2023\/06\/bf7016_273cf3b70a4f4ee1b03154a947a64a67mv2_d_4896_3672_s_4_2.webp"},{"@type":"BreadcrumbList","@id":"https:\/\/bauholz.at\/?page_id=417#breadcrumb","itemListElement":[{"@type":"ListItem","position":1,"name":"Startseite","item":"https:\/\/bauholz.at\/"},{"@type":"ListItem","position":2,"name":"Verpackungsholz"}]},{"@type":"WebSite","@id":"https:\/\/bauholz.at\/#website","url":"https:\/\/bauholz.at\/","name":"Bauholz","description":"","potentialAction":[{"@type":"SearchAction","target":{"@type":"EntryPoint","urlTemplate":"https:\/\/bauholz.at\/?s={search_term_string}"},"query-input":{"@type":"PropertyValueSpecification","valueRequired":true,"valueName":"search_term_string"}}],"inLanguage":"de"}]}},"_links":{"self":[{"href":"https:\/\/bauholz.at\/index.php?rest_route=\/wp\/v2\/pages\/417","targetHints":{"allow":["GET"]}}],"collection":[{"href":"https:\/\/bauholz.at\/index.php?rest_route=\/wp\/v2\/pages"}],"about":[{"href":"https:\/\/bauholz.at\/index.php?rest_route=\/wp\/v2\/types\/page"}],"author":[{"embeddable":true,"href":"https:\/\/bauholz.at\/index.php?rest_route=\/wp\/v2\/users\/2"}],"replies":[{"embeddable":true,"href":"https:\/\/bauholz.at\/index.php?rest_route=%2Fwp%2Fv2%2Fcomments&post=417"}],"version-history":[{"count":37,"href":"https:\/\/bauholz.at\/index.php?rest_route=\/wp\/v2\/pages\/417\/revisions"}],"predecessor-version":[{"id":826,"href":"https:\/\/bauholz.at\/index.php?rest_route=\/wp\/v2\/pages\/417\/revisions\/826"}],"wp:attachment":[{"href":"https:\/\/bauholz.at\/index.php?rest_route=%2Fwp%2Fv2%2Fmedia&parent=417"}],"curies":[{"name":"wp","href":"https:\/\/api.w.org\/{rel}","templated":true}]}}