{"id":20,"date":"2023-05-31T07:37:02","date_gmt":"2023-05-31T07:37:02","guid":{"rendered":"https:\/\/dev-bauholz.justdo-it.at\/?page_id=20"},"modified":"2023-06-15T14:19:24","modified_gmt":"2023-06-15T14:19:24","slug":"kontakt","status":"publish","type":"page","link":"https:\/\/bauholz.at\/?page_id=20","title":{"rendered":"Kontakt"},"content":{"rendered":"\t\t<div data-elementor-type=\"wp-page\" data-elementor-id=\"20\" class=\"elementor elementor-20\" data-elementor-post-type=\"page\">\n\t\t\t\t\t\t<section data-particle_enable=\"false\" data-particle-mobile-disabled=\"false\" class=\"elementor-section elementor-top-section elementor-element elementor-element-3edf038 elementor-section-height-min-height elementor-section-items-top elementor-section-boxed elementor-section-height-default\" data-id=\"3edf038\" data-element_type=\"section\" data-e-type=\"section\">\n\t\t\t\t\t\t<div class=\"elementor-container elementor-column-gap-default\">\n\t\t\t\t\t<div class=\"elementor-column elementor-col-100 elementor-top-column elementor-element elementor-element-37eee75\" data-id=\"37eee75\" data-element_type=\"column\" data-e-type=\"column\">\n\t\t\t<div class=\"elementor-widget-wrap elementor-element-populated\">\n\t\t\t\t\t\t<div class=\"elementor-element elementor-element-ba2f7e4 elementor-widget elementor-widget-heading\" data-id=\"ba2f7e4\" data-element_type=\"widget\" data-e-type=\"widget\" data-widget_type=\"heading.default\">\n\t\t\t\t<div class=\"elementor-widget-container\">\n\t\t\t\t\t<h2 class=\"elementor-heading-title elementor-size-default\">Kontaktieren Sie uns!<\/h2>\t\t\t\t<\/div>\n\t\t\t\t<\/div>\n\t\t\t\t<div class=\"elementor-element elementor-element-a8b2e9a elementor-widget elementor-widget-heading\" data-id=\"a8b2e9a\" data-element_type=\"widget\" data-e-type=\"widget\" data-widget_type=\"heading.default\">\n\t\t\t\t<div class=\"elementor-widget-container\">\n\t\t\t\t\t<h2 class=\"elementor-heading-title elementor-size-default\">Leider k\u00f6nnen wir telefonisch keine Preisausk\u00fcnfte erteilen. F\u00fcr Kleinauftr\u00e4ge ist es uns aus Zeitgr\u00fcnden nicht m\u00f6glich, ein schriftliches Angebot zu erstellen. Bitte um Verst\u00e4ndnis!<\/h2>\t\t\t\t<\/div>\n\t\t\t\t<\/div>\n\t\t\t\t<div class=\"elementor-element elementor-element-1023483 elementor-widget elementor-widget-heading\" data-id=\"1023483\" data-element_type=\"widget\" data-e-type=\"widget\" data-widget_type=\"heading.default\">\n\t\t\t\t<div class=\"elementor-widget-container\">\n\t\t\t\t\t<h2 class=\"elementor-heading-title elementor-size-default\">Kontakt<\/h2>\t\t\t\t<\/div>\n\t\t\t\t<\/div>\n\t\t\t\t<div class=\"elementor-element elementor-element-cd1cc52 elementor-widget elementor-widget-heading\" data-id=\"cd1cc52\" data-element_type=\"widget\" data-e-type=\"widget\" data-widget_type=\"heading.default\">\n\t\t\t\t<div class=\"elementor-widget-container\">\n\t\t\t\t\t<h2 class=\"elementor-heading-title elementor-size-default\">Schreiben Sie uns oder rufen Sie uns an, wir freuen uns, Sie zu einem kostenlosen Beratungsgespr\u00e4ch <br>(Mo-Do 8.00 - 11.00, freitags geschlossen) bei uns zu treffen und alle Ihre Fragen zu beantworten.<\/h2>\t\t\t\t<\/div>\n\t\t\t\t<\/div>\n\t\t\t\t<div class=\"elementor-element elementor-element-59dbca4 elementor-widget elementor-widget-heading\" data-id=\"59dbca4\" data-element_type=\"widget\" data-e-type=\"widget\" data-widget_type=\"heading.default\">\n\t\t\t\t<div class=\"elementor-widget-container\">\n\t\t\t\t\t<h2 class=\"elementor-heading-title elementor-size-default\">+43 3127 40 9 90-0  \/\/  info(@)bauholz.at<br>+43 664 504 1177  \/\/  +43 3127 40 9 90-15<br>Am Quellengrund 4<br>8121 Deutschfeistritz<br>\u00d6sterreich<\/h2>\t\t\t\t<\/div>\n\t\t\t\t<\/div>\n\t\t\t\t\t<\/div>\n\t\t<\/div>\n\t\t\t\t\t<\/div>\n\t\t<\/section>\n\t\t\t\t<section data-particle_enable=\"false\" data-particle-mobile-disabled=\"false\" class=\"elementor-section elementor-top-section elementor-element elementor-element-9fcbff6 elementor-section-boxed elementor-section-height-default elementor-section-height-default\" data-id=\"9fcbff6\" data-element_type=\"section\" data-e-type=\"section\">\n\t\t\t\t\t\t<div class=\"elementor-container elementor-column-gap-default\">\n\t\t\t\t\t<div class=\"elementor-column elementor-col-100 elementor-top-column elementor-element elementor-element-7acf089\" data-id=\"7acf089\" data-element_type=\"column\" data-e-type=\"column\">\n\t\t\t<div class=\"elementor-widget-wrap elementor-element-populated\">\n\t\t\t\t\t\t<div class=\"elementor-element elementor-element-69ffc25 elementor-widget elementor-widget-google_maps\" data-id=\"69ffc25\" data-element_type=\"widget\" data-e-type=\"widget\" data-widget_type=\"google_maps.default\">\n\t\t\t\t<div class=\"elementor-widget-container\">\n\t\t\t\t\t\t\t<div class=\"elementor-custom-embed\">\n\t\t\t<iframe loading=\"lazy\"\n\t\t\t\t\tsrc=\"https:\/\/maps.google.com\/maps?q=Am%20Quellengrund%204%208121%20Deutschfeistritz&#038;t=m&#038;z=10&#038;output=embed&#038;iwloc=near\"\n\t\t\t\t\ttitle=\"Am Quellengrund 4 8121 Deutschfeistritz\"\n\t\t\t\t\taria-label=\"Am Quellengrund 4 8121 Deutschfeistritz\"\n\t\t\t><\/iframe>\n\t\t<\/div>\n\t\t\t\t\t\t<\/div>\n\t\t\t\t<\/div>\n\t\t\t\t\t<\/div>\n\t\t<\/div>\n\t\t\t\t\t<\/div>\n\t\t<\/section>\n\t\t\t\t<\/div>\n\t\t","protected":false},"excerpt":{"rendered":"<p>Kontaktieren Sie uns! Leider k\u00f6nnen wir telefonisch keine Preisausk\u00fcnfte erteilen. F\u00fcr Kleinauftr\u00e4ge ist es uns aus Zeitgr\u00fcnden nicht m\u00f6glich, ein schriftliches Angebot zu erstellen. Bitte um Verst\u00e4ndnis! Kontakt Schreiben Sie uns oder rufen Sie uns an, wir freuen uns, Sie zu einem kostenlosen Beratungsgespr\u00e4ch (Mo-Do 8.00 &#8211; 11.00, freitags geschlossen) bei uns zu treffen und [&hellip;]<\/p>\n","protected":false},"author":2,"featured_media":0,"parent":0,"menu_order":0,"comment_status":"closed","ping_status":"closed","template":"elementor_header_footer","meta":{"footnotes":""},"class_list":["post-20","page","type-page","status-publish","hentry"],"yoast_head":"<!-- This site is optimized with the Yoast SEO plugin v27.5 - https:\/\/yoast.com\/product\/yoast-seo-wordpress\/ -->\n<title>Kontakt - Bauholz<\/title>\n<meta name=\"robots\" content=\"index, follow, max-snippet:-1, max-image-preview:large, max-video-preview:-1\" \/>\n<link rel=\"canonical\" href=\"https:\/\/bauholz.at\/?page_id=20\" \/>\n<meta property=\"og:locale\" content=\"de_DE\" \/>\n<meta property=\"og:type\" content=\"article\" \/>\n<meta property=\"og:title\" content=\"Kontakt - Bauholz\" \/>\n<meta property=\"og:description\" content=\"Kontaktieren Sie uns! Leider k\u00f6nnen wir telefonisch keine Preisausk\u00fcnfte erteilen. F\u00fcr Kleinauftr\u00e4ge ist es uns aus Zeitgr\u00fcnden nicht m\u00f6glich, ein schriftliches Angebot zu erstellen. Bitte um Verst\u00e4ndnis! Kontakt Schreiben Sie uns oder rufen Sie uns an, wir freuen uns, Sie zu einem kostenlosen Beratungsgespr\u00e4ch (Mo-Do 8.00 &#8211; 11.00, freitags geschlossen) bei uns zu treffen und [&hellip;]\" \/>\n<meta property=\"og:url\" content=\"https:\/\/bauholz.at\/?page_id=20\" \/>\n<meta property=\"og:site_name\" content=\"Bauholz\" \/>\n<meta property=\"article:modified_time\" content=\"2023-06-15T14:19:24+00:00\" \/>\n<meta name=\"twitter:card\" content=\"summary_large_image\" \/>\n<meta name=\"twitter:label1\" content=\"Gesch\u00e4tzte Lesezeit\" \/>\n\t<meta name=\"twitter:data1\" content=\"1\u00a0Minute\" \/>\n<script type=\"application\/ld+json\" class=\"yoast-schema-graph\">{\"@context\":\"https:\\\/\\\/schema.org\",\"@graph\":[{\"@type\":\"WebPage\",\"@id\":\"https:\\\/\\\/bauholz.at\\\/?page_id=20\",\"url\":\"https:\\\/\\\/bauholz.at\\\/?page_id=20\",\"name\":\"Kontakt - Bauholz\",\"isPartOf\":{\"@id\":\"https:\\\/\\\/bauholz.at\\\/#website\"},\"datePublished\":\"2023-05-31T07:37:02+00:00\",\"dateModified\":\"2023-06-15T14:19:24+00:00\",\"breadcrumb\":{\"@id\":\"https:\\\/\\\/bauholz.at\\\/?page_id=20#breadcrumb\"},\"inLanguage\":\"de\",\"potentialAction\":[{\"@type\":\"ReadAction\",\"target\":[\"https:\\\/\\\/bauholz.at\\\/?page_id=20\"]}]},{\"@type\":\"BreadcrumbList\",\"@id\":\"https:\\\/\\\/bauholz.at\\\/?page_id=20#breadcrumb\",\"itemListElement\":[{\"@type\":\"ListItem\",\"position\":1,\"name\":\"Startseite\",\"item\":\"https:\\\/\\\/bauholz.at\\\/\"},{\"@type\":\"ListItem\",\"position\":2,\"name\":\"Kontakt\"}]},{\"@type\":\"WebSite\",\"@id\":\"https:\\\/\\\/bauholz.at\\\/#website\",\"url\":\"https:\\\/\\\/bauholz.at\\\/\",\"name\":\"Bauholz\",\"description\":\"\",\"potentialAction\":[{\"@type\":\"SearchAction\",\"target\":{\"@type\":\"EntryPoint\",\"urlTemplate\":\"https:\\\/\\\/bauholz.at\\\/?s={search_term_string}\"},\"query-input\":{\"@type\":\"PropertyValueSpecification\",\"valueRequired\":true,\"valueName\":\"search_term_string\"}}],\"inLanguage\":\"de\"}]}<\/script>\n<!-- \/ Yoast SEO plugin. -->","yoast_head_json":{"title":"Kontakt - Bauholz","robots":{"index":"index","follow":"follow","max-snippet":"max-snippet:-1","max-image-preview":"max-image-preview:large","max-video-preview":"max-video-preview:-1"},"canonical":"https:\/\/bauholz.at\/?page_id=20","og_locale":"de_DE","og_type":"article","og_title":"Kontakt - Bauholz","og_description":"Kontaktieren Sie uns! Leider k\u00f6nnen wir telefonisch keine Preisausk\u00fcnfte erteilen. F\u00fcr Kleinauftr\u00e4ge ist es uns aus Zeitgr\u00fcnden nicht m\u00f6glich, ein schriftliches Angebot zu erstellen. Bitte um Verst\u00e4ndnis! Kontakt Schreiben Sie uns oder rufen Sie uns an, wir freuen uns, Sie zu einem kostenlosen Beratungsgespr\u00e4ch (Mo-Do 8.00 &#8211; 11.00, freitags geschlossen) bei uns zu treffen und [&hellip;]","og_url":"https:\/\/bauholz.at\/?page_id=20","og_site_name":"Bauholz","article_modified_time":"2023-06-15T14:19:24+00:00","twitter_card":"summary_large_image","twitter_misc":{"Gesch\u00e4tzte Lesezeit":"1\u00a0Minute"},"schema":{"@context":"https:\/\/schema.org","@graph":[{"@type":"WebPage","@id":"https:\/\/bauholz.at\/?page_id=20","url":"https:\/\/bauholz.at\/?page_id=20","name":"Kontakt - Bauholz","isPartOf":{"@id":"https:\/\/bauholz.at\/#website"},"datePublished":"2023-05-31T07:37:02+00:00","dateModified":"2023-06-15T14:19:24+00:00","breadcrumb":{"@id":"https:\/\/bauholz.at\/?page_id=20#breadcrumb"},"inLanguage":"de","potentialAction":[{"@type":"ReadAction","target":["https:\/\/bauholz.at\/?page_id=20"]}]},{"@type":"BreadcrumbList","@id":"https:\/\/bauholz.at\/?page_id=20#breadcrumb","itemListElement":[{"@type":"ListItem","position":1,"name":"Startseite","item":"https:\/\/bauholz.at\/"},{"@type":"ListItem","position":2,"name":"Kontakt"}]},{"@type":"WebSite","@id":"https:\/\/bauholz.at\/#website","url":"https:\/\/bauholz.at\/","name":"Bauholz","description":"","potentialAction":[{"@type":"SearchAction","target":{"@type":"EntryPoint","urlTemplate":"https:\/\/bauholz.at\/?s={search_term_string}"},"query-input":{"@type":"PropertyValueSpecification","valueRequired":true,"valueName":"search_term_string"}}],"inLanguage":"de"}]}},"_links":{"self":[{"href":"https:\/\/bauholz.at\/index.php?rest_route=\/wp\/v2\/pages\/20","targetHints":{"allow":["GET"]}}],"collection":[{"href":"https:\/\/bauholz.at\/index.php?rest_route=\/wp\/v2\/pages"}],"about":[{"href":"https:\/\/bauholz.at\/index.php?rest_route=\/wp\/v2\/types\/page"}],"author":[{"embeddable":true,"href":"https:\/\/bauholz.at\/index.php?rest_route=\/wp\/v2\/users\/2"}],"replies":[{"embeddable":true,"href":"https:\/\/bauholz.at\/index.php?rest_route=%2Fwp%2Fv2%2Fcomments&post=20"}],"version-history":[{"count":49,"href":"https:\/\/bauholz.at\/index.php?rest_route=\/wp\/v2\/pages\/20\/revisions"}],"predecessor-version":[{"id":787,"href":"https:\/\/bauholz.at\/index.php?rest_route=\/wp\/v2\/pages\/20\/revisions\/787"}],"wp:attachment":[{"href":"https:\/\/bauholz.at\/index.php?rest_route=%2Fwp%2Fv2%2Fmedia&parent=20"}],"curies":[{"name":"wp","href":"https:\/\/api.w.org\/{rel}","templated":true}]}}