{"id":10,"date":"2023-05-31T07:29:27","date_gmt":"2023-05-31T07:29:27","guid":{"rendered":"https:\/\/dev-bauholz.justdo-it.at\/?page_id=10"},"modified":"2023-06-27T09:53:47","modified_gmt":"2023-06-27T09:53:47","slug":"bauholz","status":"publish","type":"page","link":"https:\/\/bauholz.at\/","title":{"rendered":"Bauholz"},"content":{"rendered":"\t\t<div data-elementor-type=\"wp-page\" data-elementor-id=\"10\" class=\"elementor elementor-10\" data-elementor-post-type=\"page\">\n\t\t\t\t\t\t<section data-particle_enable=\"false\" data-particle-mobile-disabled=\"false\" class=\"elementor-section elementor-top-section elementor-element elementor-element-c531671 elementor-section-height-min-height elementor-section-content-middle elementor-section-boxed elementor-section-height-default elementor-section-items-middle\" data-id=\"c531671\" data-element_type=\"section\" data-e-type=\"section\">\n\t\t\t\t\t\t<div class=\"elementor-container elementor-column-gap-default\">\n\t\t\t\t\t<div class=\"elementor-column elementor-col-100 elementor-top-column elementor-element elementor-element-e966a1e\" data-id=\"e966a1e\" data-element_type=\"column\" data-e-type=\"column\">\n\t\t\t<div class=\"elementor-widget-wrap elementor-element-populated\">\n\t\t\t\t\t\t<div class=\"elementor-element elementor-element-8af51ff elementor-widget elementor-widget-heading\" data-id=\"8af51ff\" data-element_type=\"widget\" data-e-type=\"widget\" data-widget_type=\"heading.default\">\n\t\t\t\t<div class=\"elementor-widget-container\">\n\t\t\t\t\t<h2 class=\"elementor-heading-title elementor-size-default\">Weil Zukunft Herkunft braucht<br>\nKlopfen Sie auf unser Holz<\/h2>\t\t\t\t<\/div>\n\t\t\t\t<\/div>\n\t\t\t\t<div class=\"elementor-element elementor-element-bd1e912 elementor-widget elementor-widget-heading\" data-id=\"bd1e912\" data-element_type=\"widget\" data-e-type=\"widget\" data-widget_type=\"heading.default\">\n\t\t\t\t<div class=\"elementor-widget-container\">\n\t\t\t\t\t<h2 class=\"elementor-heading-title elementor-size-default\">Zechner Holz ist ein Betrieb mit Tradition.<br>Seit 1901 Jahren steht Zechner Holz in Deutschfeistritz bei Graz f\u00fcr Qualit\u00e4t und Kompetenz in Sachen Holz, Dienstleistungen und Vermietung von Lagerhallen, Unterstellpl\u00e4tzen und Freifl\u00e4chen<br>Zechner Holz verwendet ausschlie\u00dflich heimische H\u00f6lzer - steirisches Holz.\n\nAus der Region - f\u00fcr die Region, weil Zukunft Herkunft braucht.<\/h2>\t\t\t\t<\/div>\n\t\t\t\t<\/div>\n\t\t\t\t<div class=\"elementor-element elementor-element-6fb09a2 elementor-icon-list--layout-inline elementor-align-center elementor-list-item-link-full_width elementor-widget elementor-widget-icon-list\" data-id=\"6fb09a2\" data-element_type=\"widget\" data-e-type=\"widget\" data-widget_type=\"icon-list.default\">\n\t\t\t\t<div class=\"elementor-widget-container\">\n\t\t\t\t\t\t\t<ul class=\"elementor-icon-list-items elementor-inline-items\">\n\t\t\t\t\t\t\t<li class=\"elementor-icon-list-item elementor-inline-item\">\n\t\t\t\t\t\t\t\t\t\t\t<span class=\"elementor-icon-list-icon\">\n\t\t\t\t\t\t\t<i aria-hidden=\"true\" class=\"fas fa-check\"><\/i>\t\t\t\t\t\t<\/span>\n\t\t\t\t\t\t\t\t\t\t<span class=\"elementor-icon-list-text\"> Hochqualitative Materialien<\/span>\n\t\t\t\t\t\t\t\t\t<\/li>\n\t\t\t\t\t\t\t\t<li class=\"elementor-icon-list-item elementor-inline-item\">\n\t\t\t\t\t\t\t\t\t\t\t<span class=\"elementor-icon-list-icon\">\n\t\t\t\t\t\t\t<i aria-hidden=\"true\" class=\"fas fa-check\"><\/i>\t\t\t\t\t\t<\/span>\n\t\t\t\t\t\t\t\t\t\t<span class=\"elementor-icon-list-text\">Zufriedenheit garantiert<\/span>\n\t\t\t\t\t\t\t\t\t<\/li>\n\t\t\t\t\t\t\t\t<li class=\"elementor-icon-list-item elementor-inline-item\">\n\t\t\t\t\t\t\t\t\t\t\t<span class=\"elementor-icon-list-icon\">\n\t\t\t\t\t\t\t<i aria-hidden=\"true\" class=\"fas fa-check\"><\/i>\t\t\t\t\t\t<\/span>\n\t\t\t\t\t\t\t\t\t\t<span class=\"elementor-icon-list-text\">Faire Preise<\/span>\n\t\t\t\t\t\t\t\t\t<\/li>\n\t\t\t\t\t\t<\/ul>\n\t\t\t\t\t\t<\/div>\n\t\t\t\t<\/div>\n\t\t\t\t\t<\/div>\n\t\t<\/div>\n\t\t\t\t\t<\/div>\n\t\t<\/section>\n\t\t\t\t<section data-particle_enable=\"false\" data-particle-mobile-disabled=\"false\" class=\"elementor-section elementor-top-section elementor-element elementor-element-6bb4bd3 elementor-section-boxed elementor-section-height-default elementor-section-height-default\" data-id=\"6bb4bd3\" data-element_type=\"section\" data-e-type=\"section\">\n\t\t\t\t\t\t<div class=\"elementor-container elementor-column-gap-default\">\n\t\t\t\t\t<div class=\"elementor-column elementor-col-100 elementor-top-column elementor-element elementor-element-4ee0c5d\" data-id=\"4ee0c5d\" data-element_type=\"column\" data-e-type=\"column\">\n\t\t\t<div class=\"elementor-widget-wrap elementor-element-populated\">\n\t\t\t\t\t\t<div class=\"elementor-element elementor-element-96910d6 elementor-widget elementor-widget-heading\" data-id=\"96910d6\" data-element_type=\"widget\" data-e-type=\"widget\" data-widget_type=\"heading.default\">\n\t\t\t\t<div class=\"elementor-widget-container\">\n\t\t\t\t\t<h2 class=\"elementor-heading-title elementor-size-default\">Unsere Leistungen<\/h2>\t\t\t\t<\/div>\n\t\t\t\t<\/div>\n\t\t\t\t\t<\/div>\n\t\t<\/div>\n\t\t\t\t\t<\/div>\n\t\t<\/section>\n\t\t\t\t<section data-particle_enable=\"false\" data-particle-mobile-disabled=\"false\" class=\"elementor-section elementor-top-section elementor-element elementor-element-b9464cc elementor-section-boxed elementor-section-height-default elementor-section-height-default\" data-id=\"b9464cc\" data-element_type=\"section\" data-e-type=\"section\">\n\t\t\t\t\t\t<div class=\"elementor-container elementor-column-gap-default\">\n\t\t\t\t\t<div class=\"elementor-column elementor-col-33 elementor-top-column elementor-element elementor-element-3d40283\" data-id=\"3d40283\" data-element_type=\"column\" data-e-type=\"column\">\n\t\t\t<div class=\"elementor-widget-wrap elementor-element-populated\">\n\t\t\t\t\t\t<div class=\"elementor-element elementor-element-f778bc2 elementor-widget elementor-widget-image\" data-id=\"f778bc2\" data-element_type=\"widget\" data-e-type=\"widget\" data-widget_type=\"image.default\">\n\t\t\t\t<div class=\"elementor-widget-container\">\n\t\t\t\t\t\t\t\t\t\t\t\t\t\t\t\t<a href=\"https:\/\/bauholz.at\/?page_id=417\">\n\t\t\t\t\t\t\t<img fetchpriority=\"high\" decoding=\"async\" width=\"554\" height=\"363\" src=\"https:\/\/bauholz.at\/wp-content\/uploads\/2023\/06\/bf7016_878638d85ae44968a29698b61816584cmv2_d_3672_4896_s_4_2.webp\" class=\"attachment-full size-full wp-image-424\" alt=\"\" srcset=\"https:\/\/bauholz.at\/wp-content\/uploads\/2023\/06\/bf7016_878638d85ae44968a29698b61816584cmv2_d_3672_4896_s_4_2.webp 554w, https:\/\/bauholz.at\/wp-content\/uploads\/2023\/06\/bf7016_878638d85ae44968a29698b61816584cmv2_d_3672_4896_s_4_2-300x197.webp 300w\" sizes=\"(max-width: 554px) 100vw, 554px\" \/>\t\t\t\t\t\t\t\t<\/a>\n\t\t\t\t\t\t\t\t\t\t\t\t\t\t\t<\/div>\n\t\t\t\t<\/div>\n\t\t\t\t<div class=\"elementor-element elementor-element-fae8c58 elementor-widget elementor-widget-heading\" data-id=\"fae8c58\" data-element_type=\"widget\" data-e-type=\"widget\" data-widget_type=\"heading.default\">\n\t\t\t\t<div class=\"elementor-widget-container\">\n\t\t\t\t\t<h2 class=\"elementor-heading-title elementor-size-default\">Verpackungsholz IPPC\/ISPM<\/h2>\t\t\t\t<\/div>\n\t\t\t\t<\/div>\n\t\t\t\t\t<\/div>\n\t\t<\/div>\n\t\t\t\t<div class=\"elementor-column elementor-col-33 elementor-top-column elementor-element elementor-element-b85f718\" data-id=\"b85f718\" data-element_type=\"column\" data-e-type=\"column\">\n\t\t\t<div class=\"elementor-widget-wrap elementor-element-populated\">\n\t\t\t\t\t\t<div class=\"elementor-element elementor-element-09d32ce elementor-widget elementor-widget-image\" data-id=\"09d32ce\" data-element_type=\"widget\" data-e-type=\"widget\" data-widget_type=\"image.default\">\n\t\t\t\t<div class=\"elementor-widget-container\">\n\t\t\t\t\t\t\t\t\t\t\t\t\t\t\t\t<a href=\"https:\/\/bauholz.at\/?page_id=453\">\n\t\t\t\t\t\t\t<img decoding=\"async\" width=\"300\" height=\"200\" src=\"https:\/\/bauholz.at\/wp-content\/uploads\/2023\/06\/schnittholz.webp\" class=\"attachment-full size-full wp-image-383\" alt=\"\" \/>\t\t\t\t\t\t\t\t<\/a>\n\t\t\t\t\t\t\t\t\t\t\t\t\t\t\t<\/div>\n\t\t\t\t<\/div>\n\t\t\t\t<div class=\"elementor-element elementor-element-b6467b0 elementor-widget elementor-widget-heading\" data-id=\"b6467b0\" data-element_type=\"widget\" data-e-type=\"widget\" data-widget_type=\"heading.default\">\n\t\t\t\t<div class=\"elementor-widget-container\">\n\t\t\t\t\t<h2 class=\"elementor-heading-title elementor-size-default\">Schnittholz<\/h2>\t\t\t\t<\/div>\n\t\t\t\t<\/div>\n\t\t\t\t\t<\/div>\n\t\t<\/div>\n\t\t\t\t<div class=\"elementor-column elementor-col-33 elementor-top-column elementor-element elementor-element-57668c1\" data-id=\"57668c1\" data-element_type=\"column\" data-e-type=\"column\">\n\t\t\t<div class=\"elementor-widget-wrap elementor-element-populated\">\n\t\t\t\t\t\t<div class=\"elementor-element elementor-element-3b1c95c elementor-widget elementor-widget-image\" data-id=\"3b1c95c\" data-element_type=\"widget\" data-e-type=\"widget\" data-widget_type=\"image.default\">\n\t\t\t\t<div class=\"elementor-widget-container\">\n\t\t\t\t\t\t\t\t\t\t\t\t\t\t\t\t<a href=\"https:\/\/bauholz.at\/?page_id=490\">\n\t\t\t\t\t\t\t<img decoding=\"async\" width=\"300\" height=\"200\" src=\"https:\/\/bauholz.at\/wp-content\/uploads\/2023\/06\/latten.webp\" class=\"attachment-full size-full wp-image-384\" alt=\"\" \/>\t\t\t\t\t\t\t\t<\/a>\n\t\t\t\t\t\t\t\t\t\t\t\t\t\t\t<\/div>\n\t\t\t\t<\/div>\n\t\t\t\t<div class=\"elementor-element elementor-element-0288ab0 elementor-widget elementor-widget-heading\" data-id=\"0288ab0\" data-element_type=\"widget\" data-e-type=\"widget\" data-widget_type=\"heading.default\">\n\t\t\t\t<div class=\"elementor-widget-container\">\n\t\t\t\t\t<h2 class=\"elementor-heading-title elementor-size-default\">Latten und Staffeln<\/h2>\t\t\t\t<\/div>\n\t\t\t\t<\/div>\n\t\t\t\t\t<\/div>\n\t\t<\/div>\n\t\t\t\t\t<\/div>\n\t\t<\/section>\n\t\t\t\t<section data-particle_enable=\"false\" data-particle-mobile-disabled=\"false\" class=\"elementor-section elementor-top-section elementor-element elementor-element-70a6f76 elementor-section-boxed elementor-section-height-default elementor-section-height-default\" data-id=\"70a6f76\" data-element_type=\"section\" data-e-type=\"section\">\n\t\t\t\t\t\t<div class=\"elementor-container elementor-column-gap-default\">\n\t\t\t\t\t<div class=\"elementor-column elementor-col-25 elementor-top-column elementor-element elementor-element-483c96c\" data-id=\"483c96c\" data-element_type=\"column\" data-e-type=\"column\">\n\t\t\t<div class=\"elementor-widget-wrap elementor-element-populated\">\n\t\t\t\t\t\t<div class=\"elementor-element elementor-element-e5b6a3b elementor-widget elementor-widget-image\" data-id=\"e5b6a3b\" data-element_type=\"widget\" data-e-type=\"widget\" data-widget_type=\"image.default\">\n\t\t\t\t<div class=\"elementor-widget-container\">\n\t\t\t\t\t\t\t\t\t\t\t\t\t\t\t\t<a href=\"https:\/\/bauholz.at\/?page_id=512\">\n\t\t\t\t\t\t\t<img decoding=\"async\" src=\"https:\/\/bauholz.at\/wp-content\/uploads\/elementor\/thumbs\/IMG_1408-scaled-q7d9fb1r55zo8qegkjrr1lnbikoouii5asogoksdhc.jpeg\" title=\"IMG_1408\" alt=\"IMG_1408\" loading=\"lazy\" \/>\t\t\t\t\t\t\t\t<\/a>\n\t\t\t\t\t\t\t\t\t\t\t\t\t\t\t<\/div>\n\t\t\t\t<\/div>\n\t\t\t\t<div class=\"elementor-element elementor-element-d847216 elementor-widget elementor-widget-heading\" data-id=\"d847216\" data-element_type=\"widget\" data-e-type=\"widget\" data-widget_type=\"heading.default\">\n\t\t\t\t<div class=\"elementor-widget-container\">\n\t\t\t\t\t<h2 class=\"elementor-heading-title elementor-size-default\">Hobelware<\/h2>\t\t\t\t<\/div>\n\t\t\t\t<\/div>\n\t\t\t\t\t<\/div>\n\t\t<\/div>\n\t\t\t\t<div class=\"elementor-column elementor-col-25 elementor-top-column elementor-element elementor-element-bba17bb\" data-id=\"bba17bb\" data-element_type=\"column\" data-e-type=\"column\">\n\t\t\t<div class=\"elementor-widget-wrap elementor-element-populated\">\n\t\t\t\t\t\t<div class=\"elementor-element elementor-element-38d7cb5 elementor-widget elementor-widget-image\" data-id=\"38d7cb5\" data-element_type=\"widget\" data-e-type=\"widget\" data-widget_type=\"image.default\">\n\t\t\t\t<div class=\"elementor-widget-container\">\n\t\t\t\t\t\t\t\t\t\t\t\t\t\t\t\t<a href=\"https:\/\/bauholz.at\/?page_id=546\">\n\t\t\t\t\t\t\t<img decoding=\"async\" src=\"https:\/\/bauholz.at\/wp-content\/uploads\/elementor\/thumbs\/IMG_2050-neu-scaled-q8c0o4rdq0ylf8a2ff7wap2qjch3zvc6dzcmtcdk5c.jpg\" title=\"IMG_2050 neu\" alt=\"IMG_2050 neu\" loading=\"lazy\" \/>\t\t\t\t\t\t\t\t<\/a>\n\t\t\t\t\t\t\t\t\t\t\t\t\t\t\t<\/div>\n\t\t\t\t<\/div>\n\t\t\t\t<div class=\"elementor-element elementor-element-afde541 elementor-widget elementor-widget-heading\" data-id=\"afde541\" data-element_type=\"widget\" data-e-type=\"widget\" data-widget_type=\"heading.default\">\n\t\t\t\t<div class=\"elementor-widget-container\">\n\t\t\t\t\t<h2 class=\"elementor-heading-title elementor-size-default\">Vermietung und Verpachtung<\/h2>\t\t\t\t<\/div>\n\t\t\t\t<\/div>\n\t\t\t\t\t<\/div>\n\t\t<\/div>\n\t\t\t\t<div class=\"elementor-column elementor-col-25 elementor-top-column elementor-element elementor-element-bed554e\" data-id=\"bed554e\" data-element_type=\"column\" data-e-type=\"column\">\n\t\t\t<div class=\"elementor-widget-wrap elementor-element-populated\">\n\t\t\t\t\t\t<div class=\"elementor-element elementor-element-76c0a39 elementor-widget elementor-widget-image\" data-id=\"76c0a39\" data-element_type=\"widget\" data-e-type=\"widget\" data-widget_type=\"image.default\">\n\t\t\t\t<div class=\"elementor-widget-container\">\n\t\t\t\t\t\t\t\t\t\t\t\t\t\t\t\t<a href=\"https:\/\/bauholz.at\/?page_id=576\">\n\t\t\t\t\t\t\t<img decoding=\"async\" src=\"https:\/\/bauholz.at\/wp-content\/uploads\/elementor\/thumbs\/IMG_5432-scaled-q7d9l9cyfe51rtr5t4eou3keyfcdli4y49f63nym2o.jpeg\" title=\"IMG_5432\" alt=\"IMG_5432\" loading=\"lazy\" \/>\t\t\t\t\t\t\t\t<\/a>\n\t\t\t\t\t\t\t\t\t\t\t\t\t\t\t<\/div>\n\t\t\t\t<\/div>\n\t\t\t\t<div class=\"elementor-element elementor-element-56c2db3 elementor-widget elementor-widget-heading\" data-id=\"56c2db3\" data-element_type=\"widget\" data-e-type=\"widget\" data-widget_type=\"heading.default\">\n\t\t\t\t<div class=\"elementor-widget-container\">\n\t\t\t\t\t<h2 class=\"elementor-heading-title elementor-size-default\">Holzmanufaktur<\/h2>\t\t\t\t<\/div>\n\t\t\t\t<\/div>\n\t\t\t\t\t<\/div>\n\t\t<\/div>\n\t\t\t\t<div class=\"elementor-column elementor-col-25 elementor-top-column elementor-element elementor-element-be1d8bd\" data-id=\"be1d8bd\" data-element_type=\"column\" data-e-type=\"column\">\n\t\t\t<div class=\"elementor-widget-wrap elementor-element-populated\">\n\t\t\t\t\t\t<div class=\"elementor-element elementor-element-6d28545 elementor-widget elementor-widget-image\" data-id=\"6d28545\" data-element_type=\"widget\" data-e-type=\"widget\" data-widget_type=\"image.default\">\n\t\t\t\t<div class=\"elementor-widget-container\">\n\t\t\t\t\t\t\t\t\t\t\t\t\t\t\t\t<a href=\"https:\/\/bauholz.at\/?page_id=597\">\n\t\t\t\t\t\t\t<img decoding=\"async\" src=\"https:\/\/bauholz.at\/wp-content\/uploads\/elementor\/thumbs\/IMG_5944-scaled-q7d9po7oie6i9xcf1j2n1hhbcjleqcnl23o87ff2v4.jpeg\" title=\"IMG_5944\" alt=\"IMG_5944\" loading=\"lazy\" \/>\t\t\t\t\t\t\t\t<\/a>\n\t\t\t\t\t\t\t\t\t\t\t\t\t\t\t<\/div>\n\t\t\t\t<\/div>\n\t\t\t\t<div class=\"elementor-element elementor-element-4f1a073 elementor-widget elementor-widget-heading\" data-id=\"4f1a073\" data-element_type=\"widget\" data-e-type=\"widget\" data-widget_type=\"heading.default\">\n\t\t\t\t<div class=\"elementor-widget-container\">\n\t\t\t\t\t<h2 class=\"elementor-heading-title elementor-size-default\">Dienstleistungen<\/h2>\t\t\t\t<\/div>\n\t\t\t\t<\/div>\n\t\t\t\t\t<\/div>\n\t\t<\/div>\n\t\t\t\t\t<\/div>\n\t\t<\/section>\n\t\t\t\t<section data-particle_enable=\"false\" data-particle-mobile-disabled=\"false\" class=\"elementor-section elementor-top-section elementor-element elementor-element-2f50a2d elementor-section-boxed elementor-section-height-default elementor-section-height-default\" data-id=\"2f50a2d\" data-element_type=\"section\" data-e-type=\"section\">\n\t\t\t\t\t\t<div class=\"elementor-container elementor-column-gap-default\">\n\t\t\t\t\t<div class=\"elementor-column elementor-col-100 elementor-top-column elementor-element elementor-element-da1b468\" data-id=\"da1b468\" data-element_type=\"column\" data-e-type=\"column\">\n\t\t\t<div class=\"elementor-widget-wrap elementor-element-populated\">\n\t\t\t\t\t\t<div class=\"elementor-element elementor-element-0bdb13c elementor-widget elementor-widget-heading\" data-id=\"0bdb13c\" data-element_type=\"widget\" data-e-type=\"widget\" data-widget_type=\"heading.default\">\n\t\t\t\t<div class=\"elementor-widget-container\">\n\t\t\t\t\t<h2 class=\"elementor-heading-title elementor-size-default\">Unser Angebot<\/h2>\t\t\t\t<\/div>\n\t\t\t\t<\/div>\n\t\t\t\t<div class=\"elementor-element elementor-element-c0616e6 elementor-widget elementor-widget-heading\" data-id=\"c0616e6\" data-element_type=\"widget\" data-e-type=\"widget\" data-widget_type=\"heading.default\">\n\t\t\t\t<div class=\"elementor-widget-container\">\n\t\t\t\t\t<h2 class=\"elementor-heading-title elementor-size-default\">Schnittholz \/\/ Latten + Staffeln \/\/ Verpackungsholz<br> Hobelware\/\/ Massivholz \/\/ Vieles mehr..<\/h2>\t\t\t\t<\/div>\n\t\t\t\t<\/div>\n\t\t\t\t<div class=\"elementor-element elementor-element-637b25f elementor-align-center elementor-widget elementor-widget-button\" data-id=\"637b25f\" data-element_type=\"widget\" data-e-type=\"widget\" data-widget_type=\"button.default\">\n\t\t\t\t<div class=\"elementor-widget-container\">\n\t\t\t\t\t\t\t\t\t<div class=\"elementor-button-wrapper\">\n\t\t\t\t\t<a class=\"elementor-button elementor-button-link elementor-size-sm\" href=\"https:\/\/bauholz.at\/?page_id=20\">\n\t\t\t\t\t\t<span class=\"elementor-button-content-wrapper\">\n\t\t\t\t\t\t\t\t\t<span class=\"elementor-button-text\">Jetzt Anfragen<\/span>\n\t\t\t\t\t<\/span>\n\t\t\t\t\t<\/a>\n\t\t\t\t<\/div>\n\t\t\t\t\t\t\t\t<\/div>\n\t\t\t\t<\/div>\n\t\t\t\t\t<\/div>\n\t\t<\/div>\n\t\t\t\t\t<\/div>\n\t\t<\/section>\n\t\t\t\t<\/div>\n\t\t","protected":false},"excerpt":{"rendered":"<p>Weil Zukunft Herkunft braucht Klopfen Sie auf unser Holz Zechner Holz ist ein Betrieb mit Tradition.Seit 1901 Jahren steht Zechner Holz in Deutschfeistritz bei Graz f\u00fcr Qualit\u00e4t und Kompetenz in Sachen Holz, Dienstleistungen und Vermietung von Lagerhallen, Unterstellpl\u00e4tzen und Freifl\u00e4chenZechner Holz verwendet ausschlie\u00dflich heimische H\u00f6lzer &#8211; steirisches Holz. Aus der Region &#8211; f\u00fcr die Region, [&hellip;]<\/p>\n","protected":false},"author":2,"featured_media":0,"parent":0,"menu_order":0,"comment_status":"closed","ping_status":"closed","template":"elementor_header_footer","meta":{"footnotes":""},"class_list":["post-10","page","type-page","status-publish","hentry"],"yoast_head":"<!-- This site is optimized with the Yoast SEO plugin v27.3 - https:\/\/yoast.com\/product\/yoast-seo-wordpress\/ -->\n<title>Bauholz - Bauholz<\/title>\n<meta name=\"robots\" content=\"index, follow, max-snippet:-1, max-image-preview:large, max-video-preview:-1\" \/>\n<link rel=\"canonical\" href=\"https:\/\/bauholz.at\/\" \/>\n<meta property=\"og:locale\" content=\"de_DE\" \/>\n<meta property=\"og:type\" content=\"article\" \/>\n<meta property=\"og:title\" content=\"Bauholz - Bauholz\" \/>\n<meta property=\"og:description\" content=\"Weil Zukunft Herkunft braucht Klopfen Sie auf unser Holz Zechner Holz ist ein Betrieb mit Tradition.Seit 1901 Jahren steht Zechner Holz in Deutschfeistritz bei Graz f\u00fcr Qualit\u00e4t und Kompetenz in Sachen Holz, Dienstleistungen und Vermietung von Lagerhallen, Unterstellpl\u00e4tzen und Freifl\u00e4chenZechner Holz verwendet ausschlie\u00dflich heimische H\u00f6lzer &#8211; steirisches Holz. Aus der Region &#8211; f\u00fcr die Region, [&hellip;]\" \/>\n<meta property=\"og:url\" content=\"https:\/\/bauholz.at\/\" \/>\n<meta property=\"og:site_name\" content=\"Bauholz\" \/>\n<meta property=\"article:modified_time\" content=\"2023-06-27T09:53:47+00:00\" \/>\n<meta property=\"og:image\" content=\"https:\/\/bauholz.at\/wp-content\/uploads\/2023\/06\/bf7016_878638d85ae44968a29698b61816584cmv2_d_3672_4896_s_4_2.webp\" \/>\n<meta name=\"twitter:card\" content=\"summary_large_image\" \/>\n<meta name=\"twitter:label1\" content=\"Gesch\u00e4tzte Lesezeit\" \/>\n\t<meta name=\"twitter:data1\" content=\"2\u00a0Minuten\" \/>\n<script type=\"application\/ld+json\" class=\"yoast-schema-graph\">{\"@context\":\"https:\\\/\\\/schema.org\",\"@graph\":[{\"@type\":\"WebPage\",\"@id\":\"https:\\\/\\\/bauholz.at\\\/\",\"url\":\"https:\\\/\\\/bauholz.at\\\/\",\"name\":\"Bauholz - Bauholz\",\"isPartOf\":{\"@id\":\"https:\\\/\\\/bauholz.at\\\/#website\"},\"primaryImageOfPage\":{\"@id\":\"https:\\\/\\\/bauholz.at\\\/#primaryimage\"},\"image\":{\"@id\":\"https:\\\/\\\/bauholz.at\\\/#primaryimage\"},\"thumbnailUrl\":\"https:\\\/\\\/bauholz.at\\\/wp-content\\\/uploads\\\/2023\\\/06\\\/bf7016_878638d85ae44968a29698b61816584cmv2_d_3672_4896_s_4_2.webp\",\"datePublished\":\"2023-05-31T07:29:27+00:00\",\"dateModified\":\"2023-06-27T09:53:47+00:00\",\"breadcrumb\":{\"@id\":\"https:\\\/\\\/bauholz.at\\\/#breadcrumb\"},\"inLanguage\":\"de\",\"potentialAction\":[{\"@type\":\"ReadAction\",\"target\":[\"https:\\\/\\\/bauholz.at\\\/\"]}]},{\"@type\":\"ImageObject\",\"inLanguage\":\"de\",\"@id\":\"https:\\\/\\\/bauholz.at\\\/#primaryimage\",\"url\":\"https:\\\/\\\/bauholz.at\\\/wp-content\\\/uploads\\\/2023\\\/06\\\/bf7016_878638d85ae44968a29698b61816584cmv2_d_3672_4896_s_4_2.webp\",\"contentUrl\":\"https:\\\/\\\/bauholz.at\\\/wp-content\\\/uploads\\\/2023\\\/06\\\/bf7016_878638d85ae44968a29698b61816584cmv2_d_3672_4896_s_4_2.webp\",\"width\":554,\"height\":363},{\"@type\":\"BreadcrumbList\",\"@id\":\"https:\\\/\\\/bauholz.at\\\/#breadcrumb\",\"itemListElement\":[{\"@type\":\"ListItem\",\"position\":1,\"name\":\"Startseite\",\"item\":\"https:\\\/\\\/bauholz.at\\\/\"},{\"@type\":\"ListItem\",\"position\":2,\"name\":\"Bauholz\"}]},{\"@type\":\"WebSite\",\"@id\":\"https:\\\/\\\/bauholz.at\\\/#website\",\"url\":\"https:\\\/\\\/bauholz.at\\\/\",\"name\":\"Bauholz\",\"description\":\"\",\"potentialAction\":[{\"@type\":\"SearchAction\",\"target\":{\"@type\":\"EntryPoint\",\"urlTemplate\":\"https:\\\/\\\/bauholz.at\\\/?s={search_term_string}\"},\"query-input\":{\"@type\":\"PropertyValueSpecification\",\"valueRequired\":true,\"valueName\":\"search_term_string\"}}],\"inLanguage\":\"de\"}]}<\/script>\n<!-- \/ Yoast SEO plugin. -->","yoast_head_json":{"title":"Bauholz - Bauholz","robots":{"index":"index","follow":"follow","max-snippet":"max-snippet:-1","max-image-preview":"max-image-preview:large","max-video-preview":"max-video-preview:-1"},"canonical":"https:\/\/bauholz.at\/","og_locale":"de_DE","og_type":"article","og_title":"Bauholz - Bauholz","og_description":"Weil Zukunft Herkunft braucht Klopfen Sie auf unser Holz Zechner Holz ist ein Betrieb mit Tradition.Seit 1901 Jahren steht Zechner Holz in Deutschfeistritz bei Graz f\u00fcr Qualit\u00e4t und Kompetenz in Sachen Holz, Dienstleistungen und Vermietung von Lagerhallen, Unterstellpl\u00e4tzen und Freifl\u00e4chenZechner Holz verwendet ausschlie\u00dflich heimische H\u00f6lzer &#8211; steirisches Holz. Aus der Region &#8211; f\u00fcr die Region, [&hellip;]","og_url":"https:\/\/bauholz.at\/","og_site_name":"Bauholz","article_modified_time":"2023-06-27T09:53:47+00:00","og_image":[{"url":"https:\/\/bauholz.at\/wp-content\/uploads\/2023\/06\/bf7016_878638d85ae44968a29698b61816584cmv2_d_3672_4896_s_4_2.webp","type":"","width":"","height":""}],"twitter_card":"summary_large_image","twitter_misc":{"Gesch\u00e4tzte Lesezeit":"2\u00a0Minuten"},"schema":{"@context":"https:\/\/schema.org","@graph":[{"@type":"WebPage","@id":"https:\/\/bauholz.at\/","url":"https:\/\/bauholz.at\/","name":"Bauholz - Bauholz","isPartOf":{"@id":"https:\/\/bauholz.at\/#website"},"primaryImageOfPage":{"@id":"https:\/\/bauholz.at\/#primaryimage"},"image":{"@id":"https:\/\/bauholz.at\/#primaryimage"},"thumbnailUrl":"https:\/\/bauholz.at\/wp-content\/uploads\/2023\/06\/bf7016_878638d85ae44968a29698b61816584cmv2_d_3672_4896_s_4_2.webp","datePublished":"2023-05-31T07:29:27+00:00","dateModified":"2023-06-27T09:53:47+00:00","breadcrumb":{"@id":"https:\/\/bauholz.at\/#breadcrumb"},"inLanguage":"de","potentialAction":[{"@type":"ReadAction","target":["https:\/\/bauholz.at\/"]}]},{"@type":"ImageObject","inLanguage":"de","@id":"https:\/\/bauholz.at\/#primaryimage","url":"https:\/\/bauholz.at\/wp-content\/uploads\/2023\/06\/bf7016_878638d85ae44968a29698b61816584cmv2_d_3672_4896_s_4_2.webp","contentUrl":"https:\/\/bauholz.at\/wp-content\/uploads\/2023\/06\/bf7016_878638d85ae44968a29698b61816584cmv2_d_3672_4896_s_4_2.webp","width":554,"height":363},{"@type":"BreadcrumbList","@id":"https:\/\/bauholz.at\/#breadcrumb","itemListElement":[{"@type":"ListItem","position":1,"name":"Startseite","item":"https:\/\/bauholz.at\/"},{"@type":"ListItem","position":2,"name":"Bauholz"}]},{"@type":"WebSite","@id":"https:\/\/bauholz.at\/#website","url":"https:\/\/bauholz.at\/","name":"Bauholz","description":"","potentialAction":[{"@type":"SearchAction","target":{"@type":"EntryPoint","urlTemplate":"https:\/\/bauholz.at\/?s={search_term_string}"},"query-input":{"@type":"PropertyValueSpecification","valueRequired":true,"valueName":"search_term_string"}}],"inLanguage":"de"}]}},"_links":{"self":[{"href":"https:\/\/bauholz.at\/index.php?rest_route=\/wp\/v2\/pages\/10","targetHints":{"allow":["GET"]}}],"collection":[{"href":"https:\/\/bauholz.at\/index.php?rest_route=\/wp\/v2\/pages"}],"about":[{"href":"https:\/\/bauholz.at\/index.php?rest_route=\/wp\/v2\/types\/page"}],"author":[{"embeddable":true,"href":"https:\/\/bauholz.at\/index.php?rest_route=\/wp\/v2\/users\/2"}],"replies":[{"embeddable":true,"href":"https:\/\/bauholz.at\/index.php?rest_route=%2Fwp%2Fv2%2Fcomments&post=10"}],"version-history":[{"count":202,"href":"https:\/\/bauholz.at\/index.php?rest_route=\/wp\/v2\/pages\/10\/revisions"}],"predecessor-version":[{"id":849,"href":"https:\/\/bauholz.at\/index.php?rest_route=\/wp\/v2\/pages\/10\/revisions\/849"}],"wp:attachment":[{"href":"https:\/\/bauholz.at\/index.php?rest_route=%2Fwp%2Fv2%2Fmedia&parent=10"}],"curies":[{"name":"wp","href":"https:\/\/api.w.org\/{rel}","templated":true}]}}